{"id":13581,"date":"2020-06-09T21:45:26","date_gmt":"2020-06-10T14:41:50","guid":{"rendered":"https:\/\/www.bardeni.es\/product\/steak-tartar-de-angus-beef\/"},"modified":"2026-04-12T23:10:41","modified_gmt":"2026-04-12T21:10:41","slug":"steak-tartar-de-angus-beef","status":"publish","type":"product","link":"https:\/\/www.bardeni.es\/es\/producto\/steak-tartar-de-angus-beef\/","title":{"rendered":"Steak tartar de Angus beef"},"content":{"rendered":"","protected":false},"excerpt":{"rendered":"<p>\u00a1Nuestro cl\u00e1sico!<br \/>\nCon tostadas de pan (G)<br \/>\nListo para comer en las siguientes horas.<br \/>\nSi se lo quiere comer por la noche o al d\u00eda siguiente es mejor escoger el steak con ali\u00f1o separado.<\/p>\n","protected":false},"featured_media":13499,"template":"","meta":{"spay_email":""},"product_cat":[443],"product_tag":[],"yoast_head":"<!-- This site is optimized with the Yoast SEO plugin v16.7 - https:\/\/yoast.com\/wordpress\/plugins\/seo\/ -->\n<title>Steak tartar de Angus beef - Bardeni el Meatbar<\/title>\n<meta name=\"robots\" content=\"index, follow, max-snippet:-1, max-image-preview:large, max-video-preview:-1\" \/>\n<link rel=\"canonical\" href=\"https:\/\/www.bardeni.es\/es\/producto\/steak-tartar-de-angus-beef\/\" \/>\n<meta property=\"og:locale\" content=\"es_ES\" \/>\n<meta property=\"og:type\" content=\"article\" \/>\n<meta property=\"og:title\" content=\"Steak tartar de Angus beef - Bardeni el Meatbar\" \/>\n<meta property=\"og:description\" content=\"\u00a1Nuestro cl\u00e1sico! Con tostadas de pan (G) Listo para comer en las siguientes horas. Si se lo quiere comer por la noche o al d\u00eda siguiente es mejor escoger el steak con ali\u00f1o separado.\" \/>\n<meta property=\"og:url\" content=\"https:\/\/www.bardeni.es\/es\/producto\/steak-tartar-de-angus-beef\/\" \/>\n<meta property=\"og:site_name\" content=\"Bardeni el Meatbar\" \/>\n<meta property=\"article:modified_time\" content=\"2026-04-12T21:10:41+00:00\" \/>\n<meta property=\"og:image\" content=\"https:\/\/www.bardeni.es\/wp-content\/uploads\/2018\/02\/steak.jpg\" \/>\n\t<meta property=\"og:image:width\" content=\"950\" \/>\n\t<meta property=\"og:image:height\" content=\"713\" \/>\n<meta name=\"twitter:card\" content=\"summary_large_image\" \/>\n<script type=\"application\/ld+json\" class=\"yoast-schema-graph\">{\"@context\":\"https:\/\/schema.org\",\"@graph\":[{\"@type\":\"WebSite\",\"@id\":\"https:\/\/www.bardeni.es\/ca\/#website\",\"url\":\"https:\/\/www.bardeni.es\/ca\/\",\"name\":\"Bardeni el Meatbar\",\"description\":\"Bardeni\",\"potentialAction\":[{\"@type\":\"SearchAction\",\"target\":{\"@type\":\"EntryPoint\",\"urlTemplate\":\"https:\/\/www.bardeni.es\/ca\/?s={search_term_string}\"},\"query-input\":\"required name=search_term_string\"}],\"inLanguage\":\"es\"},{\"@type\":\"ImageObject\",\"@id\":\"https:\/\/www.bardeni.es\/es\/producto\/steak-tartar-de-angus-beef\/#primaryimage\",\"inLanguage\":\"es\",\"url\":\"https:\/\/i2.wp.com\/www.bardeni.es\/wp-content\/uploads\/2018\/02\/steak.jpg?fit=950%2C713&ssl=1\",\"contentUrl\":\"https:\/\/i2.wp.com\/www.bardeni.es\/wp-content\/uploads\/2018\/02\/steak.jpg?fit=950%2C713&ssl=1\",\"width\":950,\"height\":713},{\"@type\":\"WebPage\",\"@id\":\"https:\/\/www.bardeni.es\/es\/producto\/steak-tartar-de-angus-beef\/#webpage\",\"url\":\"https:\/\/www.bardeni.es\/es\/producto\/steak-tartar-de-angus-beef\/\",\"name\":\"Steak tartar de Angus beef - Bardeni el Meatbar\",\"isPartOf\":{\"@id\":\"https:\/\/www.bardeni.es\/ca\/#website\"},\"primaryImageOfPage\":{\"@id\":\"https:\/\/www.bardeni.es\/es\/producto\/steak-tartar-de-angus-beef\/#primaryimage\"},\"datePublished\":\"2020-06-10T14:41:50+00:00\",\"dateModified\":\"2026-04-12T21:10:41+00:00\",\"breadcrumb\":{\"@id\":\"https:\/\/www.bardeni.es\/es\/producto\/steak-tartar-de-angus-beef\/#breadcrumb\"},\"inLanguage\":\"es\",\"potentialAction\":[{\"@type\":\"ReadAction\",\"target\":[\"https:\/\/www.bardeni.es\/es\/producto\/steak-tartar-de-angus-beef\/\"]}]},{\"@type\":\"BreadcrumbList\",\"@id\":\"https:\/\/www.bardeni.es\/es\/producto\/steak-tartar-de-angus-beef\/#breadcrumb\",\"itemListElement\":[{\"@type\":\"ListItem\",\"position\":1,\"name\":\"Inici\",\"item\":\"https:\/\/www.bardeni.es\/es\/\"},{\"@type\":\"ListItem\",\"position\":2,\"name\":\"Shop\",\"item\":\"https:\/\/www.bardeni.es\/es\/?page_id=13174\"},{\"@type\":\"ListItem\",\"position\":3,\"name\":\"Steak tartar de Angus beef\"}]}]}<\/script>\n<!-- \/ Yoast SEO plugin. -->","yoast_head_json":{"title":"Steak tartar de Angus beef - Bardeni el Meatbar","robots":{"index":"index","follow":"follow","max-snippet":"max-snippet:-1","max-image-preview":"max-image-preview:large","max-video-preview":"max-video-preview:-1"},"canonical":"https:\/\/www.bardeni.es\/es\/producto\/steak-tartar-de-angus-beef\/","og_locale":"es_ES","og_type":"article","og_title":"Steak tartar de Angus beef - Bardeni el Meatbar","og_description":"\u00a1Nuestro cl\u00e1sico! Con tostadas de pan (G) Listo para comer en las siguientes horas. Si se lo quiere comer por la noche o al d\u00eda siguiente es mejor escoger el steak con ali\u00f1o separado.","og_url":"https:\/\/www.bardeni.es\/es\/producto\/steak-tartar-de-angus-beef\/","og_site_name":"Bardeni el Meatbar","article_modified_time":"2026-04-12T21:10:41+00:00","og_image":[{"width":950,"height":713,"url":"https:\/\/www.bardeni.es\/wp-content\/uploads\/2018\/02\/steak.jpg","path":"\/var\/www\/bardeni.es\/public_html\/wp-content\/uploads\/2018\/02\/steak.jpg","size":"full","id":13499,"alt":"","pixels":677350,"type":"image\/jpeg"}],"twitter_card":"summary_large_image","schema":{"@context":"https:\/\/schema.org","@graph":[{"@type":"WebSite","@id":"https:\/\/www.bardeni.es\/ca\/#website","url":"https:\/\/www.bardeni.es\/ca\/","name":"Bardeni el Meatbar","description":"Bardeni","potentialAction":[{"@type":"SearchAction","target":{"@type":"EntryPoint","urlTemplate":"https:\/\/www.bardeni.es\/ca\/?s={search_term_string}"},"query-input":"required name=search_term_string"}],"inLanguage":"es"},{"@type":"ImageObject","@id":"https:\/\/www.bardeni.es\/es\/producto\/steak-tartar-de-angus-beef\/#primaryimage","inLanguage":"es","url":"https:\/\/i2.wp.com\/www.bardeni.es\/wp-content\/uploads\/2018\/02\/steak.jpg?fit=950%2C713&ssl=1","contentUrl":"https:\/\/i2.wp.com\/www.bardeni.es\/wp-content\/uploads\/2018\/02\/steak.jpg?fit=950%2C713&ssl=1","width":950,"height":713},{"@type":"WebPage","@id":"https:\/\/www.bardeni.es\/es\/producto\/steak-tartar-de-angus-beef\/#webpage","url":"https:\/\/www.bardeni.es\/es\/producto\/steak-tartar-de-angus-beef\/","name":"Steak tartar de Angus beef - Bardeni el Meatbar","isPartOf":{"@id":"https:\/\/www.bardeni.es\/ca\/#website"},"primaryImageOfPage":{"@id":"https:\/\/www.bardeni.es\/es\/producto\/steak-tartar-de-angus-beef\/#primaryimage"},"datePublished":"2020-06-10T14:41:50+00:00","dateModified":"2026-04-12T21:10:41+00:00","breadcrumb":{"@id":"https:\/\/www.bardeni.es\/es\/producto\/steak-tartar-de-angus-beef\/#breadcrumb"},"inLanguage":"es","potentialAction":[{"@type":"ReadAction","target":["https:\/\/www.bardeni.es\/es\/producto\/steak-tartar-de-angus-beef\/"]}]},{"@type":"BreadcrumbList","@id":"https:\/\/www.bardeni.es\/es\/producto\/steak-tartar-de-angus-beef\/#breadcrumb","itemListElement":[{"@type":"ListItem","position":1,"name":"Inici","item":"https:\/\/www.bardeni.es\/es\/"},{"@type":"ListItem","position":2,"name":"Shop","item":"https:\/\/www.bardeni.es\/es\/?page_id=13174"},{"@type":"ListItem","position":3,"name":"Steak tartar de Angus beef"}]}]}},"_links":{"self":[{"href":"https:\/\/www.bardeni.es\/es\/wp-json\/wp\/v2\/product\/13581"}],"collection":[{"href":"https:\/\/www.bardeni.es\/es\/wp-json\/wp\/v2\/product"}],"about":[{"href":"https:\/\/www.bardeni.es\/es\/wp-json\/wp\/v2\/types\/product"}],"wp:featuredmedia":[{"embeddable":true,"href":"https:\/\/www.bardeni.es\/es\/wp-json\/wp\/v2\/media\/13499"}],"wp:attachment":[{"href":"https:\/\/www.bardeni.es\/es\/wp-json\/wp\/v2\/media?parent=13581"}],"wp:term":[{"taxonomy":"product_cat","embeddable":true,"href":"https:\/\/www.bardeni.es\/es\/wp-json\/wp\/v2\/product_cat?post=13581"},{"taxonomy":"product_tag","embeddable":true,"href":"https:\/\/www.bardeni.es\/es\/wp-json\/wp\/v2\/product_tag?post=13581"}],"curies":[{"name":"wp","href":"https:\/\/api.w.org\/{rel}","templated":true}]}}