{"id":15185,"date":"2020-12-13T13:54:02","date_gmt":"2020-12-13T12:54:02","guid":{"rendered":"https:\/\/www.bardeni.es\/vale-regalo\/"},"modified":"2023-05-31T19:44:24","modified_gmt":"2023-05-31T17:44:24","slug":"vale-regalo","status":"publish","type":"page","link":"https:\/\/www.bardeni.es\/es\/vale-regalo\/","title":{"rendered":"Vale regalo"},"content":{"rendered":"<p>[vc_row][vc_column][vc_column_text]<\/p>\n<p style=\"text-align: center;\">Pueden regalar Bardeni.<\/p>\n<p style=\"text-align: center;\"><strong>Tienen la posibilidad de comprar un Vale por un importe determinado para consumir en Bardeni.<\/strong><strong>\u00a0<\/strong><\/p>\n<p style=\"text-align: center;\">Cuando hagan su compra recibir\u00e1n un comprobante de la misma y en unas 24 horas, como m\u00e1ximo,<br \/>\nrecibir\u00e1n un vale en formato pdf imprimible para poder entreg\u00e1rselo a la persona a quien se lo regalen.<br \/>\nEn este vale aparecer\u00e1 un n\u00famero que deber\u00e1n indicar envi\u00e1ndonos un email despu\u00e9s de hacer la reserva de mesa en nuestra web.<br \/>\nSi la consumici\u00f3n total es inferior al importe del vale regalo no se devolver\u00e1 la diferencia. Se debe consumir en su totalidad. \u00a1\u00a1Muchas gracias!!<\/p>\n<p style=\"text-align: center;\">El vale tiene una caducidad de 90 d\u00edas a partir del d\u00eda de la compra.<\/p>\n<p>[\/vc_column_text]<div class=\"es-resp\">\t<div class=\"visible-xl\" style=\"height: 64px;\"><\/div>\t<div class=\"hidden-xl hidden-md hidden-sm hidden-ms hidden-xs\" style=\"height: 64px;\"><\/div>\t<div class=\"visible-md\" style=\"height: 64px;\"><\/div>\t<div class=\"visible-sm \" style=\"height: 64px;\"><\/div>\t<div class=\"visible-ms\" style=\"height: 32px;\"><\/div>\t<div class=\"visible-xs\" style=\"height: 32px;\"><\/div><\/div><div class=\"woocommerce columns-3 \"><ul class=\"products columns-3\">\n<li class=\"has-post-thumbnail product type-product post-15440 status-publish first instock product_cat-tienda taxable shipping-taxable purchasable product-type-simple\">\n\t<div class=\"item\">\t\t\t<div class=\"image\">\r\n\t\t<img width=\"360\" height=\"270\" src=\"https:\/\/i0.wp.com\/www.bardeni.es\/wp-content\/uploads\/2022\/02\/logo-bardeni1.jpg?fit=360%2C270&amp;ssl=1\" class=\"attachment-woocommerce_thumbnail size-woocommerce_thumbnail\" alt=\"\" loading=\"lazy\" srcset=\"https:\/\/i0.wp.com\/www.bardeni.es\/wp-content\/uploads\/2022\/02\/logo-bardeni1.jpg?w=950&amp;ssl=1 950w, https:\/\/i0.wp.com\/www.bardeni.es\/wp-content\/uploads\/2022\/02\/logo-bardeni1.jpg?resize=300%2C225&amp;ssl=1 300w, https:\/\/i0.wp.com\/www.bardeni.es\/wp-content\/uploads\/2022\/02\/logo-bardeni1.jpg?resize=768%2C576&amp;ssl=1 768w, https:\/\/i0.wp.com\/www.bardeni.es\/wp-content\/uploads\/2022\/02\/logo-bardeni1.jpg?resize=360%2C270&amp;ssl=1 360w, https:\/\/i0.wp.com\/www.bardeni.es\/wp-content\/uploads\/2022\/02\/logo-bardeni1.jpg?resize=600%2C450&amp;ssl=1 600w, https:\/\/i0.wp.com\/www.bardeni.es\/wp-content\/uploads\/2022\/02\/logo-bardeni1.jpg?resize=800%2C600&amp;ssl=1 800w, https:\/\/i0.wp.com\/www.bardeni.es\/wp-content\/uploads\/2022\/02\/logo-bardeni1.jpg?resize=550%2C413&amp;ssl=1 550w\" sizes=\"(max-width: 360px) 100vw, 360px\" \/><\/div><div class=\"ltx-item-descr\"><a href=\"https:\/\/www.bardeni.es\/es\/producto\/vale-importe-100-euros-2\/\"><\/a><a href=\"?add-to-cart=15440\" rel=\"nofollow\" data-product_id=\"15440\" data-product_sku=\"\" class=\"button add_to_cart_button product_type_simple\">A\u00f1adir al carrito<\/a><\/div>\r\n\t\t\t<\/div><\/li>\n<li class=\"has-post-thumbnail product type-product post-15438 status-publish instock product_cat-tienda taxable shipping-taxable purchasable product-type-simple\">\n\t<div class=\"item\">\t\t\t<div class=\"image\">\r\n\t\t<img width=\"360\" height=\"270\" src=\"https:\/\/i0.wp.com\/www.bardeni.es\/wp-content\/uploads\/2022\/02\/logo-bardeni1.jpg?fit=360%2C270&amp;ssl=1\" class=\"attachment-woocommerce_thumbnail size-woocommerce_thumbnail\" alt=\"\" loading=\"lazy\" srcset=\"https:\/\/i0.wp.com\/www.bardeni.es\/wp-content\/uploads\/2022\/02\/logo-bardeni1.jpg?w=950&amp;ssl=1 950w, https:\/\/i0.wp.com\/www.bardeni.es\/wp-content\/uploads\/2022\/02\/logo-bardeni1.jpg?resize=300%2C225&amp;ssl=1 300w, https:\/\/i0.wp.com\/www.bardeni.es\/wp-content\/uploads\/2022\/02\/logo-bardeni1.jpg?resize=768%2C576&amp;ssl=1 768w, https:\/\/i0.wp.com\/www.bardeni.es\/wp-content\/uploads\/2022\/02\/logo-bardeni1.jpg?resize=360%2C270&amp;ssl=1 360w, https:\/\/i0.wp.com\/www.bardeni.es\/wp-content\/uploads\/2022\/02\/logo-bardeni1.jpg?resize=600%2C450&amp;ssl=1 600w, https:\/\/i0.wp.com\/www.bardeni.es\/wp-content\/uploads\/2022\/02\/logo-bardeni1.jpg?resize=800%2C600&amp;ssl=1 800w, https:\/\/i0.wp.com\/www.bardeni.es\/wp-content\/uploads\/2022\/02\/logo-bardeni1.jpg?resize=550%2C413&amp;ssl=1 550w\" sizes=\"(max-width: 360px) 100vw, 360px\" \/><\/div><div class=\"ltx-item-descr\"><a href=\"https:\/\/www.bardeni.es\/es\/producto\/vale-importe-120-euros\/\"><\/a><a href=\"?add-to-cart=15438\" rel=\"nofollow\" data-product_id=\"15438\" data-product_sku=\"\" class=\"button add_to_cart_button product_type_simple\">A\u00f1adir al carrito<\/a><\/div>\r\n\t\t\t<\/div><\/li>\n<li class=\"has-post-thumbnail product type-product post-15371 status-publish last instock product_cat-tienda taxable shipping-taxable purchasable product-type-simple\">\n\t<div class=\"item\">\t\t\t<div class=\"image\">\r\n\t\t<img width=\"360\" height=\"270\" src=\"https:\/\/i0.wp.com\/www.bardeni.es\/wp-content\/uploads\/2022\/02\/logo-bardeni1.jpg?fit=360%2C270&amp;ssl=1\" class=\"attachment-woocommerce_thumbnail size-woocommerce_thumbnail\" alt=\"\" loading=\"lazy\" srcset=\"https:\/\/i0.wp.com\/www.bardeni.es\/wp-content\/uploads\/2022\/02\/logo-bardeni1.jpg?w=950&amp;ssl=1 950w, https:\/\/i0.wp.com\/www.bardeni.es\/wp-content\/uploads\/2022\/02\/logo-bardeni1.jpg?resize=300%2C225&amp;ssl=1 300w, https:\/\/i0.wp.com\/www.bardeni.es\/wp-content\/uploads\/2022\/02\/logo-bardeni1.jpg?resize=768%2C576&amp;ssl=1 768w, https:\/\/i0.wp.com\/www.bardeni.es\/wp-content\/uploads\/2022\/02\/logo-bardeni1.jpg?resize=360%2C270&amp;ssl=1 360w, https:\/\/i0.wp.com\/www.bardeni.es\/wp-content\/uploads\/2022\/02\/logo-bardeni1.jpg?resize=600%2C450&amp;ssl=1 600w, https:\/\/i0.wp.com\/www.bardeni.es\/wp-content\/uploads\/2022\/02\/logo-bardeni1.jpg?resize=800%2C600&amp;ssl=1 800w, https:\/\/i0.wp.com\/www.bardeni.es\/wp-content\/uploads\/2022\/02\/logo-bardeni1.jpg?resize=550%2C413&amp;ssl=1 550w\" sizes=\"(max-width: 360px) 100vw, 360px\" \/><\/div><div class=\"ltx-item-descr\"><a href=\"https:\/\/www.bardeni.es\/es\/producto\/vale-importe-140-euros\/\"><\/a><a href=\"?add-to-cart=15371\" rel=\"nofollow\" data-product_id=\"15371\" data-product_sku=\"\" class=\"button add_to_cart_button product_type_simple\">A\u00f1adir al carrito<\/a><\/div>\r\n\t\t\t<\/div><\/li>\n<\/ul>\n<\/div>[\/vc_column][\/vc_row]<\/p>\n","protected":false},"excerpt":{"rendered":"<p>[vc_row][vc_column][vc_column_text] Pueden regalar Bardeni. Tienen la posibilidad de comprar un Vale por un importe determinado para consumir en Bardeni.\u00a0 Cuando hagan su compra recibir\u00e1n un comprobante de la misma y en unas 24 horas, como m\u00e1ximo, recibir\u00e1n un vale en formato pdf imprimible para poder entreg\u00e1rselo a la persona a quien se lo regalen. En este vale aparecer\u00e1 un n\u00famero que deber\u00e1n indicar envi\u00e1ndonos un email despu\u00e9s de hacer la reserva de mesa en nuestra web. Si la consumici\u00f3n total es inferior al importe del vale regalo no se devolver\u00e1 la diferencia. Se debe consumir en su totalidad. \u00a1\u00a1Muchas gracias!! El vale tiene una caducidad de 90 d\u00edas a partir del d\u00eda de la compra. [\/vc_column_text][\/vc_column][\/vc_row]<\/p>\n","protected":false},"author":3,"featured_media":12287,"parent":0,"menu_order":0,"comment_status":"closed","ping_status":"closed","template":"","meta":{"spay_email":""},"yoast_head":"<!-- This site is optimized with the Yoast SEO plugin v16.7 - https:\/\/yoast.com\/wordpress\/plugins\/seo\/ -->\n<title>Vale regalo - Bardeni el Meatbar<\/title>\n<meta name=\"robots\" content=\"index, follow, max-snippet:-1, max-image-preview:large, max-video-preview:-1\" \/>\n<link rel=\"canonical\" href=\"https:\/\/www.bardeni.es\/es\/vale-regalo\/\" \/>\n<meta property=\"og:locale\" content=\"es_ES\" \/>\n<meta property=\"og:type\" content=\"article\" \/>\n<meta property=\"og:title\" content=\"Vale regalo - Bardeni el Meatbar\" \/>\n<meta property=\"og:description\" content=\"[vc_row][vc_column][vc_column_text] Pueden regalar Bardeni. Tienen la posibilidad de comprar un Vale por un importe determinado para consumir en Bardeni.\u00a0 Cuando hagan su compra recibir\u00e1n un comprobante de la misma y en unas 24 horas, como m\u00e1ximo, recibir\u00e1n un vale en formato pdf imprimible para poder entreg\u00e1rselo a la persona a quien se lo regalen. En este vale aparecer\u00e1 un n\u00famero que deber\u00e1n indicar envi\u00e1ndonos un email despu\u00e9s de hacer la reserva de mesa en nuestra web. Si la consumici\u00f3n total es inferior al importe del vale regalo no se devolver\u00e1 la diferencia. Se debe consumir en su totalidad. \u00a1\u00a1Muchas gracias!! El vale tiene una caducidad de 90 d\u00edas a partir del d\u00eda de la compra. [\/vc_column_text][\/vc_column][\/vc_row]\" \/>\n<meta property=\"og:url\" content=\"https:\/\/www.bardeni.es\/es\/vale-regalo\/\" \/>\n<meta property=\"og:site_name\" content=\"Bardeni el Meatbar\" \/>\n<meta property=\"article:modified_time\" content=\"2023-05-31T17:44:24+00:00\" \/>\n<meta property=\"og:image\" content=\"https:\/\/www.bardeni.es\/wp-content\/uploads\/2020\/05\/collage-carta-e1592478835811.jpg\" \/>\n\t<meta property=\"og:image:width\" content=\"950\" \/>\n\t<meta property=\"og:image:height\" content=\"950\" \/>\n<meta name=\"twitter:card\" content=\"summary_large_image\" \/>\n<meta name=\"twitter:label1\" content=\"Tiempo de lectura\" \/>\n\t<meta name=\"twitter:data1\" content=\"1 minuto\" \/>\n<script type=\"application\/ld+json\" class=\"yoast-schema-graph\">{\"@context\":\"https:\/\/schema.org\",\"@graph\":[{\"@type\":\"WebSite\",\"@id\":\"https:\/\/www.bardeni.es\/ca\/#website\",\"url\":\"https:\/\/www.bardeni.es\/ca\/\",\"name\":\"Bardeni el Meatbar\",\"description\":\"Bardeni\",\"potentialAction\":[{\"@type\":\"SearchAction\",\"target\":{\"@type\":\"EntryPoint\",\"urlTemplate\":\"https:\/\/www.bardeni.es\/ca\/?s={search_term_string}\"},\"query-input\":\"required name=search_term_string\"}],\"inLanguage\":\"es\"},{\"@type\":\"ImageObject\",\"@id\":\"https:\/\/www.bardeni.es\/es\/vale-regalo\/#primaryimage\",\"inLanguage\":\"es\",\"url\":\"https:\/\/i2.wp.com\/www.bardeni.es\/wp-content\/uploads\/2020\/05\/collage-carta-e1592478835811.jpg?fit=950%2C950&ssl=1\",\"contentUrl\":\"https:\/\/i2.wp.com\/www.bardeni.es\/wp-content\/uploads\/2020\/05\/collage-carta-e1592478835811.jpg?fit=950%2C950&ssl=1\",\"width\":950,\"height\":950},{\"@type\":\"WebPage\",\"@id\":\"https:\/\/www.bardeni.es\/es\/vale-regalo\/#webpage\",\"url\":\"https:\/\/www.bardeni.es\/es\/vale-regalo\/\",\"name\":\"Vale regalo - Bardeni el Meatbar\",\"isPartOf\":{\"@id\":\"https:\/\/www.bardeni.es\/ca\/#website\"},\"primaryImageOfPage\":{\"@id\":\"https:\/\/www.bardeni.es\/es\/vale-regalo\/#primaryimage\"},\"datePublished\":\"2020-12-13T12:54:02+00:00\",\"dateModified\":\"2023-05-31T17:44:24+00:00\",\"breadcrumb\":{\"@id\":\"https:\/\/www.bardeni.es\/es\/vale-regalo\/#breadcrumb\"},\"inLanguage\":\"es\",\"potentialAction\":[{\"@type\":\"ReadAction\",\"target\":[\"https:\/\/www.bardeni.es\/es\/vale-regalo\/\"]}]},{\"@type\":\"BreadcrumbList\",\"@id\":\"https:\/\/www.bardeni.es\/es\/vale-regalo\/#breadcrumb\",\"itemListElement\":[{\"@type\":\"ListItem\",\"position\":1,\"name\":\"Inici\",\"item\":\"https:\/\/www.bardeni.es\/es\/\"},{\"@type\":\"ListItem\",\"position\":2,\"name\":\"Vale regalo\"}]}]}<\/script>\n<!-- \/ Yoast SEO plugin. -->","yoast_head_json":{"title":"Vale regalo - Bardeni el Meatbar","robots":{"index":"index","follow":"follow","max-snippet":"max-snippet:-1","max-image-preview":"max-image-preview:large","max-video-preview":"max-video-preview:-1"},"canonical":"https:\/\/www.bardeni.es\/es\/vale-regalo\/","og_locale":"es_ES","og_type":"article","og_title":"Vale regalo - Bardeni el Meatbar","og_description":"[vc_row][vc_column][vc_column_text] Pueden regalar Bardeni. Tienen la posibilidad de comprar un Vale por un importe determinado para consumir en Bardeni.\u00a0 Cuando hagan su compra recibir\u00e1n un comprobante de la misma y en unas 24 horas, como m\u00e1ximo, recibir\u00e1n un vale en formato pdf imprimible para poder entreg\u00e1rselo a la persona a quien se lo regalen. En este vale aparecer\u00e1 un n\u00famero que deber\u00e1n indicar envi\u00e1ndonos un email despu\u00e9s de hacer la reserva de mesa en nuestra web. Si la consumici\u00f3n total es inferior al importe del vale regalo no se devolver\u00e1 la diferencia. Se debe consumir en su totalidad. \u00a1\u00a1Muchas gracias!! El vale tiene una caducidad de 90 d\u00edas a partir del d\u00eda de la compra. [\/vc_column_text][\/vc_column][\/vc_row]","og_url":"https:\/\/www.bardeni.es\/es\/vale-regalo\/","og_site_name":"Bardeni el Meatbar","article_modified_time":"2023-05-31T17:44:24+00:00","og_image":[{"width":950,"height":950,"url":"https:\/\/www.bardeni.es\/wp-content\/uploads\/2020\/05\/collage-carta-e1592478835811.jpg","path":"\/var\/www\/bardeni.es\/public_html\/wp-content\/uploads\/2020\/05\/collage-carta-e1592478835811.jpg","size":"full","id":12287,"alt":"","pixels":902500,"type":"image\/jpeg"}],"twitter_card":"summary_large_image","twitter_misc":{"Tiempo de lectura":"1 minuto"},"schema":{"@context":"https:\/\/schema.org","@graph":[{"@type":"WebSite","@id":"https:\/\/www.bardeni.es\/ca\/#website","url":"https:\/\/www.bardeni.es\/ca\/","name":"Bardeni el Meatbar","description":"Bardeni","potentialAction":[{"@type":"SearchAction","target":{"@type":"EntryPoint","urlTemplate":"https:\/\/www.bardeni.es\/ca\/?s={search_term_string}"},"query-input":"required name=search_term_string"}],"inLanguage":"es"},{"@type":"ImageObject","@id":"https:\/\/www.bardeni.es\/es\/vale-regalo\/#primaryimage","inLanguage":"es","url":"https:\/\/i2.wp.com\/www.bardeni.es\/wp-content\/uploads\/2020\/05\/collage-carta-e1592478835811.jpg?fit=950%2C950&ssl=1","contentUrl":"https:\/\/i2.wp.com\/www.bardeni.es\/wp-content\/uploads\/2020\/05\/collage-carta-e1592478835811.jpg?fit=950%2C950&ssl=1","width":950,"height":950},{"@type":"WebPage","@id":"https:\/\/www.bardeni.es\/es\/vale-regalo\/#webpage","url":"https:\/\/www.bardeni.es\/es\/vale-regalo\/","name":"Vale regalo - Bardeni el Meatbar","isPartOf":{"@id":"https:\/\/www.bardeni.es\/ca\/#website"},"primaryImageOfPage":{"@id":"https:\/\/www.bardeni.es\/es\/vale-regalo\/#primaryimage"},"datePublished":"2020-12-13T12:54:02+00:00","dateModified":"2023-05-31T17:44:24+00:00","breadcrumb":{"@id":"https:\/\/www.bardeni.es\/es\/vale-regalo\/#breadcrumb"},"inLanguage":"es","potentialAction":[{"@type":"ReadAction","target":["https:\/\/www.bardeni.es\/es\/vale-regalo\/"]}]},{"@type":"BreadcrumbList","@id":"https:\/\/www.bardeni.es\/es\/vale-regalo\/#breadcrumb","itemListElement":[{"@type":"ListItem","position":1,"name":"Inici","item":"https:\/\/www.bardeni.es\/es\/"},{"@type":"ListItem","position":2,"name":"Vale regalo"}]}]}},"_links":{"self":[{"href":"https:\/\/www.bardeni.es\/es\/wp-json\/wp\/v2\/pages\/15185"}],"collection":[{"href":"https:\/\/www.bardeni.es\/es\/wp-json\/wp\/v2\/pages"}],"about":[{"href":"https:\/\/www.bardeni.es\/es\/wp-json\/wp\/v2\/types\/page"}],"author":[{"embeddable":true,"href":"https:\/\/www.bardeni.es\/es\/wp-json\/wp\/v2\/users\/3"}],"replies":[{"embeddable":true,"href":"https:\/\/www.bardeni.es\/es\/wp-json\/wp\/v2\/comments?post=15185"}],"version-history":[{"count":16,"href":"https:\/\/www.bardeni.es\/es\/wp-json\/wp\/v2\/pages\/15185\/revisions"}],"predecessor-version":[{"id":17727,"href":"https:\/\/www.bardeni.es\/es\/wp-json\/wp\/v2\/pages\/15185\/revisions\/17727"}],"wp:featuredmedia":[{"embeddable":true,"href":"https:\/\/www.bardeni.es\/es\/wp-json\/wp\/v2\/media\/12287"}],"wp:attachment":[{"href":"https:\/\/www.bardeni.es\/es\/wp-json\/wp\/v2\/media?parent=15185"}],"curies":[{"name":"wp","href":"https:\/\/api.w.org\/{rel}","templated":true}]}}