{"id":14197,"date":"2020-09-09T21:14:17","date_gmt":"2020-09-09T19:14:17","guid":{"rendered":"https:\/\/www.bardeni.es\/?page_id=14197"},"modified":"2026-03-10T09:23:52","modified_gmt":"2026-03-10T08:23:52","slug":"reservas","status":"publish","type":"page","link":"https:\/\/www.bardeni.es\/es\/reservas\/","title":{"rendered":"Reservas"},"content":{"rendered":"<p>[vc_row][vc_column][vc_column_text]<\/p>\n<h3><strong><span style=\"color: #ff0000;\">INFORMACI\u00d3N IMPORTANTE ANTES DE RESERVAR<\/span><\/strong><\/h3>\n<p><strong>Condiciones de reserva<\/strong><\/p>\n<ul>\n<li>Las reservas se realizar\u00e1n <strong>s\u00f3lo online<\/strong> (con tarjeta de cr\u00e9dito como garant\u00eda), no se aceptar\u00e1n v\u00eda email.<\/li>\n<li>El d\u00eda de reserva se puede escoger con un <strong>m\u00e1ximo de 30 d\u00edas de antelaci\u00f3n.<\/strong> Cada d\u00eda se abre un d\u00eda nuevo.<\/li>\n<li>Todas nuestras plazas est\u00e1n en el interior.\u00a0 <strong>No disponemos de terraza<\/strong>.<\/li>\n<li><strong>Para especificar alg\u00fan Comentario Importante<\/strong> rogamos nos env\u00eden un email a <a href=\"mailto:info@caldeni.com\">info@caldeni.com<\/a> especific\u00e1ndolo, ya que no tenemos tel\u00e9fono. Como por ejemplo: Si vienen en <em>silla de ruedas<\/em>. Si tienen alg\u00fan <em>vale regalo<\/em> y deben especificar su numeraci\u00f3n.<\/li>\n<li><strong>Nuestras mesas son m\u00e1ximo para 4 personas, ya que Bardeni no es un sitio para venir en grupo por razones de servicio. <\/strong>No hacemos ning\u00fan tipo de grupo (m\u00e1s de 4 personas) ni en una mesa ni repartidos en varias mesas.<strong> (Ya que las personas en grupo incomodan y afectan al ambiente, la tranquilidad y el servicio del resto de comensales.)<\/strong> No hagan varias reservas con la intenci\u00f3n de venir juntos, nos reservamos el derecho de poderlas cancelar y aplicar la pol\u00edtica de cancelaci\u00f3n si es necesario.<\/li>\n<li>Por consideraci\u00f3n con el resto de comensales <strong>requerimos que los ni\u00f1os que vengan al Bardeni sean mayores de 8 a\u00f1os.<\/strong> Por las dimensiones de la sala y la separaci\u00f3n entre mesas, <strong>no tenemos espacio para cochecitos de beb\u00e9.<\/strong><\/li>\n<li>Nuestra oferta es a la carta. El PEDIDO MINIMO es de 2 platos por persona. (postre no incluido)<\/li>\n<li>No aceptamos mascotas.<\/li>\n<li>No disponemos de servicio de sobremesa (ni licores ni destilados).<\/li>\n<li>Pasados 15 minutos de cortes\u00eda su reserva quedar\u00eda anulada. Si se retrasan rogamos nos lo comuniquen via email.<\/li>\n<li><strong>Se debe introducir la tarjeta de cr\u00e9dito\/d\u00e9bito como garant\u00eda para validar la reserva<\/strong>. No se le har\u00e1 ning\u00fan cargo inicialmente. La reserva est\u00e1 sujeta a pol\u00edtica de cancelaci\u00f3n. En algunos servicios se realizar\u00e1 por parte del banco una verificaci\u00f3n de la tarjeta 48 horas antes de la reserva. Si se detecta que no existe saldo nos reservamos el derecho de cancelar la reserva.<\/li>\n<li><strong><span style=\"color: #ff0000;\">IMPORTANTE:<\/span> <span style=\"color: #ff0000;\">Una vez introducida la tarjeta de cr\u00e9dito, NO CIERRE LA VENTANA DE LA WEB DEL BARDENI, vaya a la ventana de su banco para confirmar la operaci\u00f3n (si es necesario) y DESPU\u00c9S VUELVA A LA P\u00c1GINA ABIERTA DONDE ESTABA HACIENDO LA RESERVA, PARA QUE QUEDE FINALIZADA. En nin\u00fan caso abra una p\u00e1gina nueva porque tendr\u00e1 que hacerlo todo de nuevo. <\/span>Autom\u00e1ticamente <\/strong><strong>recibir\u00e1n el email de confirmaci\u00f3n de la reserva.<\/strong> Si no reciben el email es que no han introducido correctamente la tarjeta.<\/li>\n<li>Muchas gracias por su colaboraci\u00f3n<\/li>\n<\/ul>\n<p>&nbsp;<\/p>\n<p style=\"text-align: center;\"><strong>Horario de cocina<\/strong><strong><br \/>\n(recepci\u00f3n de clientes)<\/strong><br \/>\nLunes a S\u00e1bado<br \/>\n13:15 a 14:30<br \/>\nJueves y Viernes<br \/>\n20:00 a 21:30<\/p>\n<p style=\"text-align: center;\"><strong>Hora m\u00e1xima de cierre del local y del servicio<\/strong><br \/>\ncomida 16:00<br \/>\ncena 23:00<br \/>\n(no disponemos de servicio de sobremesa, ni licores ni destilados)<\/p>\n<p>[\/vc_column_text][vc_empty_space]<div class=\"btn-wrap align-center\">\n\t<a href=\"https:\/\/www.bardeni.es\/es\/realizar-reserva\/\"  class=\"btn  btn-main color-hover-black align-center\" id=\"like_sc_button_482393411\">ACEPTAR CONDICIONES y RESERVAR<\/a><\/div>[vc_empty_space][vc_empty_space][vc_toggle title=\u00bbPol\u00edtica de cancelaci\u00f3n\u00bb style=\u00bbround\u00bb color=\u00bbjuicy_pink\u00bb custom_font_container=\u00bbtag:h2|font_size:16|text_align:left\u00bb custom_google_fonts=\u00bbfont_family:Open%20Sans%3A300%2C300italic%2Cregular%2Citalic%2C600%2C600italic%2C700%2C700italic%2C800%2C800italic|font_style:400%20regular%3A400%3Anormal\u00bb use_custom_heading=\u00bbtrue\u00bb]<u>Esta reserva lleva asociada una pol\u00edtica de cancelaci\u00f3n.<\/u> En caso de cancelar o modificar esta reserva a menos de 6 horas de su reserva se le cobrar\u00e1 el importe de 10\u20ac por persona. Si se presentan m\u00e1s personas (y no hay capacidad) o menos personas de las reservadas, o con un cochecito de beb\u00e9, o con un ni\u00f1o menor de 8 a\u00f1os, o no se presenta (No Show) o cancelan con menos de una hora de antelaci\u00f3n o llega 15 minutos m\u00e1s tarde de su hora sin avisar via email o fuera del horario de cocina, se le cobrar\u00e1n 30\u20ac por comensal.[\/vc_toggle][vc_empty_space][\/vc_column][\/vc_row][vc_row][vc_column][vc_message style=\u00bbsquare\u00bb message_box_color=\u00bbwhite\u00bb icon_fontawesome=\u00bbfas fa-subway\u00bb]Metro: l\u00ednea 2 y l\u00ednea 5 estaci\u00f3n Sagrada Familia[\/vc_message][vc_message style=\u00bbsquare\u00bb message_box_color=\u00bbwhite\u00bb icon_fontawesome=\u00bbfas fa-bus\u00bb]Bus: l\u00ednea 33, 34, D50 y H10 parada Valencia-Lepant[\/vc_message][vc_message style=\u00bbsquare\u00bb message_box_color=\u00bbwhite\u00bb icon_fontawesome=\u00bbfas fa-car\u00bb]Posibles Aparcamientos:<br \/>\nParking Manhattan &#8211; c\/ Arag\u00f3 425<br \/>\nParking Toyota &#8211; c\/ Arag\u00f3 465-473<br \/>\nParking BSM Mercado Sagrada Familia &#8211; c\/ Mallorca 425<br \/>\nParking Bond &#8211; c\/ Mallorca 423<br \/>\nParking Sagrada Familia &#8211; Pl. Sagrada Familia 9[\/vc_message][\/vc_column][\/vc_row]<\/p>\n","protected":false},"excerpt":{"rendered":"<p>[vc_row][vc_column][vc_column_text] INFORMACI\u00d3N IMPORTANTE ANTES DE RESERVAR Condiciones de reserva Las reservas se realizar\u00e1n s\u00f3lo online (con tarjeta de cr\u00e9dito como garant\u00eda), no se aceptar\u00e1n v\u00eda email. El d\u00eda de reserva se puede escoger con un m\u00e1ximo de 30 d\u00edas de antelaci\u00f3n. Cada d\u00eda se abre un d\u00eda nuevo. Todas nuestras plazas est\u00e1n en el interior.\u00a0 No disponemos de terraza. Para especificar alg\u00fan Comentario Importante rogamos nos env\u00eden un email a info@caldeni.com especific\u00e1ndolo, ya que no tenemos tel\u00e9fono. Como por ejemplo: Si vienen en silla de ruedas. Si tienen alg\u00fan vale regalo y deben especificar su numeraci\u00f3n. Nuestras mesas son m\u00e1ximo para 4 personas, ya que Bardeni no es un sitio para venir en grupo por razones de servicio. No hacemos ning\u00fan tipo de grupo (m\u00e1s de 4 personas) ni en una mesa ni repartidos en varias mesas. (Ya que las [&hellip;]<\/p>\n","protected":false},"author":3,"featured_media":17663,"parent":0,"menu_order":0,"comment_status":"closed","ping_status":"closed","template":"","meta":{"spay_email":""},"yoast_head":"<!-- This site is optimized with the Yoast SEO plugin v16.7 - https:\/\/yoast.com\/wordpress\/plugins\/seo\/ -->\n<title>Reservas - Bardeni el Meatbar<\/title>\n<meta name=\"robots\" content=\"index, follow, max-snippet:-1, max-image-preview:large, max-video-preview:-1\" \/>\n<link rel=\"canonical\" href=\"https:\/\/www.bardeni.es\/es\/reservas\/\" \/>\n<meta property=\"og:locale\" content=\"es_ES\" \/>\n<meta property=\"og:type\" content=\"article\" \/>\n<meta property=\"og:title\" content=\"Reservas - Bardeni el Meatbar\" \/>\n<meta property=\"og:description\" content=\"[vc_row][vc_column][vc_column_text] INFORMACI\u00d3N IMPORTANTE ANTES DE RESERVAR Condiciones de reserva Las reservas se realizar\u00e1n s\u00f3lo online (con tarjeta de cr\u00e9dito como garant\u00eda), no se aceptar\u00e1n v\u00eda email. El d\u00eda de reserva se puede escoger con un m\u00e1ximo de 30 d\u00edas de antelaci\u00f3n. Cada d\u00eda se abre un d\u00eda nuevo. Todas nuestras plazas est\u00e1n en el interior.\u00a0 No disponemos de terraza. Para especificar alg\u00fan Comentario Importante rogamos nos env\u00eden un email a info@caldeni.com especific\u00e1ndolo, ya que no tenemos tel\u00e9fono. Como por ejemplo: Si vienen en silla de ruedas. Si tienen alg\u00fan vale regalo y deben especificar su numeraci\u00f3n. Nuestras mesas son m\u00e1ximo para 4 personas, ya que Bardeni no es un sitio para venir en grupo por razones de servicio. No hacemos ning\u00fan tipo de grupo (m\u00e1s de 4 personas) ni en una mesa ni repartidos en varias mesas. (Ya que las [&hellip;]\" \/>\n<meta property=\"og:url\" content=\"https:\/\/www.bardeni.es\/es\/reservas\/\" \/>\n<meta property=\"og:site_name\" content=\"Bardeni el Meatbar\" \/>\n<meta property=\"article:modified_time\" content=\"2026-03-10T08:23:52+00:00\" \/>\n<meta property=\"og:image\" content=\"https:\/\/www.bardeni.es\/wp-content\/uploads\/2023\/05\/SALA-CD.jpg\" \/>\n\t<meta property=\"og:image:width\" content=\"950\" \/>\n\t<meta property=\"og:image:height\" content=\"713\" \/>\n<meta name=\"twitter:card\" content=\"summary_large_image\" \/>\n<meta name=\"twitter:label1\" content=\"Tiempo de lectura\" \/>\n\t<meta name=\"twitter:data1\" content=\"3 minutos\" \/>\n<script type=\"application\/ld+json\" class=\"yoast-schema-graph\">{\"@context\":\"https:\/\/schema.org\",\"@graph\":[{\"@type\":\"WebSite\",\"@id\":\"https:\/\/www.bardeni.es\/ca\/#website\",\"url\":\"https:\/\/www.bardeni.es\/ca\/\",\"name\":\"Bardeni el Meatbar\",\"description\":\"Bardeni\",\"potentialAction\":[{\"@type\":\"SearchAction\",\"target\":{\"@type\":\"EntryPoint\",\"urlTemplate\":\"https:\/\/www.bardeni.es\/ca\/?s={search_term_string}\"},\"query-input\":\"required name=search_term_string\"}],\"inLanguage\":\"es\"},{\"@type\":\"ImageObject\",\"@id\":\"https:\/\/www.bardeni.es\/es\/reservas\/#primaryimage\",\"inLanguage\":\"es\",\"url\":\"https:\/\/i0.wp.com\/www.bardeni.es\/wp-content\/uploads\/2023\/05\/SALA-CD.jpg?fit=950%2C713&ssl=1\",\"contentUrl\":\"https:\/\/i0.wp.com\/www.bardeni.es\/wp-content\/uploads\/2023\/05\/SALA-CD.jpg?fit=950%2C713&ssl=1\",\"width\":950,\"height\":713},{\"@type\":\"WebPage\",\"@id\":\"https:\/\/www.bardeni.es\/es\/reservas\/#webpage\",\"url\":\"https:\/\/www.bardeni.es\/es\/reservas\/\",\"name\":\"Reservas - Bardeni el Meatbar\",\"isPartOf\":{\"@id\":\"https:\/\/www.bardeni.es\/ca\/#website\"},\"primaryImageOfPage\":{\"@id\":\"https:\/\/www.bardeni.es\/es\/reservas\/#primaryimage\"},\"datePublished\":\"2020-09-09T19:14:17+00:00\",\"dateModified\":\"2026-03-10T08:23:52+00:00\",\"breadcrumb\":{\"@id\":\"https:\/\/www.bardeni.es\/es\/reservas\/#breadcrumb\"},\"inLanguage\":\"es\",\"potentialAction\":[{\"@type\":\"ReadAction\",\"target\":[\"https:\/\/www.bardeni.es\/es\/reservas\/\"]}]},{\"@type\":\"BreadcrumbList\",\"@id\":\"https:\/\/www.bardeni.es\/es\/reservas\/#breadcrumb\",\"itemListElement\":[{\"@type\":\"ListItem\",\"position\":1,\"name\":\"Inici\",\"item\":\"https:\/\/www.bardeni.es\/es\/\"},{\"@type\":\"ListItem\",\"position\":2,\"name\":\"Reservas\"}]}]}<\/script>\n<!-- \/ Yoast SEO plugin. -->","yoast_head_json":{"title":"Reservas - Bardeni el Meatbar","robots":{"index":"index","follow":"follow","max-snippet":"max-snippet:-1","max-image-preview":"max-image-preview:large","max-video-preview":"max-video-preview:-1"},"canonical":"https:\/\/www.bardeni.es\/es\/reservas\/","og_locale":"es_ES","og_type":"article","og_title":"Reservas - Bardeni el Meatbar","og_description":"[vc_row][vc_column][vc_column_text] INFORMACI\u00d3N IMPORTANTE ANTES DE RESERVAR Condiciones de reserva Las reservas se realizar\u00e1n s\u00f3lo online (con tarjeta de cr\u00e9dito como garant\u00eda), no se aceptar\u00e1n v\u00eda email. El d\u00eda de reserva se puede escoger con un m\u00e1ximo de 30 d\u00edas de antelaci\u00f3n. Cada d\u00eda se abre un d\u00eda nuevo. Todas nuestras plazas est\u00e1n en el interior.\u00a0 No disponemos de terraza. Para especificar alg\u00fan Comentario Importante rogamos nos env\u00eden un email a info@caldeni.com especific\u00e1ndolo, ya que no tenemos tel\u00e9fono. Como por ejemplo: Si vienen en silla de ruedas. Si tienen alg\u00fan vale regalo y deben especificar su numeraci\u00f3n. Nuestras mesas son m\u00e1ximo para 4 personas, ya que Bardeni no es un sitio para venir en grupo por razones de servicio. No hacemos ning\u00fan tipo de grupo (m\u00e1s de 4 personas) ni en una mesa ni repartidos en varias mesas. (Ya que las [&hellip;]","og_url":"https:\/\/www.bardeni.es\/es\/reservas\/","og_site_name":"Bardeni el Meatbar","article_modified_time":"2026-03-10T08:23:52+00:00","og_image":[{"width":950,"height":713,"url":"https:\/\/www.bardeni.es\/wp-content\/uploads\/2023\/05\/SALA-CD.jpg","path":"\/var\/www\/bardeni.es\/public_html\/wp-content\/uploads\/2023\/05\/SALA-CD.jpg","size":"full","id":17663,"alt":"","pixels":677350,"type":"image\/jpeg"}],"twitter_card":"summary_large_image","twitter_misc":{"Tiempo de lectura":"3 minutos"},"schema":{"@context":"https:\/\/schema.org","@graph":[{"@type":"WebSite","@id":"https:\/\/www.bardeni.es\/ca\/#website","url":"https:\/\/www.bardeni.es\/ca\/","name":"Bardeni el Meatbar","description":"Bardeni","potentialAction":[{"@type":"SearchAction","target":{"@type":"EntryPoint","urlTemplate":"https:\/\/www.bardeni.es\/ca\/?s={search_term_string}"},"query-input":"required name=search_term_string"}],"inLanguage":"es"},{"@type":"ImageObject","@id":"https:\/\/www.bardeni.es\/es\/reservas\/#primaryimage","inLanguage":"es","url":"https:\/\/i0.wp.com\/www.bardeni.es\/wp-content\/uploads\/2023\/05\/SALA-CD.jpg?fit=950%2C713&ssl=1","contentUrl":"https:\/\/i0.wp.com\/www.bardeni.es\/wp-content\/uploads\/2023\/05\/SALA-CD.jpg?fit=950%2C713&ssl=1","width":950,"height":713},{"@type":"WebPage","@id":"https:\/\/www.bardeni.es\/es\/reservas\/#webpage","url":"https:\/\/www.bardeni.es\/es\/reservas\/","name":"Reservas - Bardeni el Meatbar","isPartOf":{"@id":"https:\/\/www.bardeni.es\/ca\/#website"},"primaryImageOfPage":{"@id":"https:\/\/www.bardeni.es\/es\/reservas\/#primaryimage"},"datePublished":"2020-09-09T19:14:17+00:00","dateModified":"2026-03-10T08:23:52+00:00","breadcrumb":{"@id":"https:\/\/www.bardeni.es\/es\/reservas\/#breadcrumb"},"inLanguage":"es","potentialAction":[{"@type":"ReadAction","target":["https:\/\/www.bardeni.es\/es\/reservas\/"]}]},{"@type":"BreadcrumbList","@id":"https:\/\/www.bardeni.es\/es\/reservas\/#breadcrumb","itemListElement":[{"@type":"ListItem","position":1,"name":"Inici","item":"https:\/\/www.bardeni.es\/es\/"},{"@type":"ListItem","position":2,"name":"Reservas"}]}]}},"_links":{"self":[{"href":"https:\/\/www.bardeni.es\/es\/wp-json\/wp\/v2\/pages\/14197"}],"collection":[{"href":"https:\/\/www.bardeni.es\/es\/wp-json\/wp\/v2\/pages"}],"about":[{"href":"https:\/\/www.bardeni.es\/es\/wp-json\/wp\/v2\/types\/page"}],"author":[{"embeddable":true,"href":"https:\/\/www.bardeni.es\/es\/wp-json\/wp\/v2\/users\/3"}],"replies":[{"embeddable":true,"href":"https:\/\/www.bardeni.es\/es\/wp-json\/wp\/v2\/comments?post=14197"}],"version-history":[{"count":230,"href":"https:\/\/www.bardeni.es\/es\/wp-json\/wp\/v2\/pages\/14197\/revisions"}],"predecessor-version":[{"id":19036,"href":"https:\/\/www.bardeni.es\/es\/wp-json\/wp\/v2\/pages\/14197\/revisions\/19036"}],"wp:featuredmedia":[{"embeddable":true,"href":"https:\/\/www.bardeni.es\/es\/wp-json\/wp\/v2\/media\/17663"}],"wp:attachment":[{"href":"https:\/\/www.bardeni.es\/es\/wp-json\/wp\/v2\/media?parent=14197"}],"curies":[{"name":"wp","href":"https:\/\/api.w.org\/{rel}","templated":true}]}}