{"id":13689,"date":"2020-06-12T16:13:45","date_gmt":"2020-06-12T16:13:45","guid":{"rendered":"https:\/\/www.bardeni.es\/termes-i-condicions\/"},"modified":"2020-06-15T21:21:58","modified_gmt":"2020-06-15T21:21:58","slug":"terminos-y-condiciones","status":"publish","type":"page","link":"https:\/\/www.bardeni.es\/es\/terminos-y-condiciones\/","title":{"rendered":"T\u00e9rminos y condiciones"},"content":{"rendered":"<p><strong>CONDICIONES DE USO<\/strong><\/p>\n<p>El acceso y uso del sitio web www.bardeni.es (el \u201cSitio Web\u201d) da la condici\u00f3n de Usuario al visitante del Sito Web e implica la total aceptaci\u00f3n de estas condiciones de uso.<\/p>\n<p><strong>PROPIEDAD INTELECTUAL E INDUSTRIAL<\/strong><\/p>\n<p>El Sitio Web y sus contenidos, incluidos los dise\u00f1os, textos, gr\u00e1ficos, logos, iconos, botones, as\u00ed como el software, los nombres comerciales, las marcas, obras, ilustraciones, fotograf\u00edas o dibujos industriales y cualesquiera otros signos susceptibles de utilizaci\u00f3n industrial y comercial son propiedad y titularidad de CALDENI, SL, (BARDENI) c\/ Valencia 452, bajos,\u00a0 08013 Barcelona, CIF: B63899462 y est\u00e1n protegidos por la legislaci\u00f3n nacional e internacional sobre propiedad intelectual e industrial.<\/p>\n<p>En ning\u00fan caso se entender\u00e1 que BARDENI concede licencia alguna o efect\u00faa renuncia, transmisi\u00f3n, cesi\u00f3n total o parcial de dichos derechos ni se confiere ning\u00fan derecho ni expectativa de derecho, y en especial, de alteraci\u00f3n, transformaci\u00f3n, explotaci\u00f3n, reproducci\u00f3n, distribuci\u00f3n o comunicaci\u00f3n p\u00fablica sobre dichos contenidos sin la previa autorizaci\u00f3n expresa y escrita de BARDENI o de los titulares correspondientes.<\/p>\n<p>El Usuario s\u00f3lo puede utilizar el Sitio Web y sus contenidos para su uso personal y privado.<\/p>\n<p><strong>OBLIGACIONES DE LOS USUARIOS<\/strong><\/p>\n<p>Con car\u00e1cter general los Usuarios deber\u00e1n obrar siempre conforme a la ley, a las buenas costumbres y a las exigencias de la buena fe, empleando la diligencia debida y absteni\u00e9ndose de utilizar el Sitio Web de cualquier forma que pueda impedir, da\u00f1ar o deteriorar el normal funcionamiento del Sitio Web, los bienes o derechos de BARDENI, sus proveedores, el resto de usuarios o en general de cualquier tercero.<\/p>\n<p>El usuario est\u00e1 obligado a:<\/p>\n<ol>\n<li>El usuario que acceda a utilizar el servicio de compra online debe tener la mayor\u00eda de edad vigente en Espa\u00f1a (18 a\u00f1os)<\/li>\n<li>Los datos facilitados en los formularios sean ciertos. No utilizar identidades falsas, ni suplantar identidades de otros en el uso del sitio web.<\/li>\n<li>No introducir, almacenar o difundir en o desde el Sitio Web, cualquier informaci\u00f3n o material que fuera difamatorio, injurioso, obsceno, amenazador, xen\u00f3fobo, incite a la violencia, a la discriminaci\u00f3n por raz\u00f3n de raza, sexo, ideolog\u00eda, religi\u00f3n o que de cualquier forma atente contra la moral, el orden p\u00fablico, los derechos fundamentales, las libertades p\u00fablicas, el honor, la intimidad o la imagen de terceros y en general la normativa vigente.<\/li>\n<li>No introducir, almacenar o difundir mediante la Web ning\u00fan programa, datos, virus, c\u00f3digo, o cualquier otro dispositivo electr\u00f3nico o f\u00edsico que sea susceptible de causar da\u00f1os en el Sitio Web.<\/li>\n<li>No utilizar el contenido del sitio web para fines publicitarios sin la autorizaci\u00f3n expresa de BARDENI<\/li>\n<li>No destruir, alterar, utilizar para su uso, inutilizar o da\u00f1ar los datos, informaciones, programas o documentos electr\u00f3nicos de BARDENI nuestros proveedores o terceros.<\/li>\n<\/ol>\n<p><strong>ENLACES A WEBS DE TERCEROS<\/strong><\/p>\n<p>La existencia de enlaces en sitios webs de terceros ajenos a nuestro sitio web no implica la existencia de relaci\u00f3n comercial o mercantil con dicho tercero, ni la aceptaci\u00f3n por parte de BARDENI de sus contenidos o servicios.<br \/>\nBARDENI no se responsabiliza del uso o contenido de webs de terceros que enlacen con nuestro sitio web.<\/p>\n<p><strong>LEGISLACI\u00d3N APLICABLE Y JURISDICCI\u00d3N COMPETENTE<\/strong><\/p>\n<p>Las condiciones de uso del Sitio Web se someten a la legislaci\u00f3n espa\u00f1ola vigente.<\/p>\n<p>Para cualquier duda o aclaraci\u00f3n en el uso de nuestro sitio web puede escribirnos un email a <a href=\"mailto:info@caldeni.com\">info@caldeni.com<\/a><\/p>\n<p>Versi\u00f3n 11 de junio de 2020<\/p>\n","protected":false},"excerpt":{"rendered":"<p>CONDICIONES DE USO El acceso y uso del sitio web www.bardeni.es (el \u201cSitio Web\u201d) da la condici\u00f3n de Usuario al visitante del Sito Web e implica la total aceptaci\u00f3n de estas condiciones de uso. PROPIEDAD INTELECTUAL E INDUSTRIAL El Sitio Web y sus contenidos, incluidos los dise\u00f1os, textos, gr\u00e1ficos, logos, iconos, botones, as\u00ed como el software, los nombres comerciales, las marcas, obras, ilustraciones, fotograf\u00edas o dibujos industriales y cualesquiera otros signos susceptibles de utilizaci\u00f3n industrial y comercial son propiedad y titularidad de CALDENI, SL, (BARDENI) c\/ Valencia 452, bajos,\u00a0 08013 Barcelona, CIF: B63899462 y est\u00e1n protegidos por la legislaci\u00f3n nacional e internacional sobre propiedad intelectual e industrial. En ning\u00fan caso se entender\u00e1 que BARDENI concede licencia alguna o efect\u00faa renuncia, transmisi\u00f3n, cesi\u00f3n total o parcial de dichos derechos ni se confiere ning\u00fan derecho ni expectativa de derecho, y en especial, [&hellip;]<\/p>\n","protected":false},"author":1,"featured_media":0,"parent":0,"menu_order":0,"comment_status":"closed","ping_status":"closed","template":"","meta":{"spay_email":""},"yoast_head":"<!-- This site is optimized with the Yoast SEO plugin v16.7 - https:\/\/yoast.com\/wordpress\/plugins\/seo\/ -->\n<title>T\u00e9rminos y condiciones - Bardeni el Meatbar<\/title>\n<meta name=\"robots\" content=\"index, follow, max-snippet:-1, max-image-preview:large, max-video-preview:-1\" \/>\n<link rel=\"canonical\" href=\"https:\/\/www.bardeni.es\/es\/terminos-y-condiciones\/\" \/>\n<meta property=\"og:locale\" content=\"es_ES\" \/>\n<meta property=\"og:type\" content=\"article\" \/>\n<meta property=\"og:title\" content=\"T\u00e9rminos y condiciones - Bardeni el Meatbar\" \/>\n<meta property=\"og:description\" content=\"CONDICIONES DE USO El acceso y uso del sitio web www.bardeni.es (el \u201cSitio Web\u201d) da la condici\u00f3n de Usuario al visitante del Sito Web e implica la total aceptaci\u00f3n de estas condiciones de uso. PROPIEDAD INTELECTUAL E INDUSTRIAL El Sitio Web y sus contenidos, incluidos los dise\u00f1os, textos, gr\u00e1ficos, logos, iconos, botones, as\u00ed como el software, los nombres comerciales, las marcas, obras, ilustraciones, fotograf\u00edas o dibujos industriales y cualesquiera otros signos susceptibles de utilizaci\u00f3n industrial y comercial son propiedad y titularidad de CALDENI, SL, (BARDENI) c\/ Valencia 452, bajos,\u00a0 08013 Barcelona, CIF: B63899462 y est\u00e1n protegidos por la legislaci\u00f3n nacional e internacional sobre propiedad intelectual e industrial. En ning\u00fan caso se entender\u00e1 que BARDENI concede licencia alguna o efect\u00faa renuncia, transmisi\u00f3n, cesi\u00f3n total o parcial de dichos derechos ni se confiere ning\u00fan derecho ni expectativa de derecho, y en especial, [&hellip;]\" \/>\n<meta property=\"og:url\" content=\"https:\/\/www.bardeni.es\/es\/terminos-y-condiciones\/\" \/>\n<meta property=\"og:site_name\" content=\"Bardeni el Meatbar\" \/>\n<meta property=\"article:modified_time\" content=\"2020-06-15T21:21:58+00:00\" \/>\n<meta name=\"twitter:card\" content=\"summary_large_image\" \/>\n<meta name=\"twitter:label1\" content=\"Tiempo de lectura\" \/>\n\t<meta name=\"twitter:data1\" content=\"3 minutos\" \/>\n<script type=\"application\/ld+json\" class=\"yoast-schema-graph\">{\"@context\":\"https:\/\/schema.org\",\"@graph\":[{\"@type\":\"WebSite\",\"@id\":\"https:\/\/www.bardeni.es\/ca\/#website\",\"url\":\"https:\/\/www.bardeni.es\/ca\/\",\"name\":\"Bardeni el Meatbar\",\"description\":\"Bardeni\",\"potentialAction\":[{\"@type\":\"SearchAction\",\"target\":{\"@type\":\"EntryPoint\",\"urlTemplate\":\"https:\/\/www.bardeni.es\/ca\/?s={search_term_string}\"},\"query-input\":\"required name=search_term_string\"}],\"inLanguage\":\"es\"},{\"@type\":\"WebPage\",\"@id\":\"https:\/\/www.bardeni.es\/es\/terminos-y-condiciones\/#webpage\",\"url\":\"https:\/\/www.bardeni.es\/es\/terminos-y-condiciones\/\",\"name\":\"T\\u00e9rminos y condiciones - Bardeni el Meatbar\",\"isPartOf\":{\"@id\":\"https:\/\/www.bardeni.es\/ca\/#website\"},\"datePublished\":\"2020-06-12T16:13:45+00:00\",\"dateModified\":\"2020-06-15T21:21:58+00:00\",\"breadcrumb\":{\"@id\":\"https:\/\/www.bardeni.es\/es\/terminos-y-condiciones\/#breadcrumb\"},\"inLanguage\":\"es\",\"potentialAction\":[{\"@type\":\"ReadAction\",\"target\":[\"https:\/\/www.bardeni.es\/es\/terminos-y-condiciones\/\"]}]},{\"@type\":\"BreadcrumbList\",\"@id\":\"https:\/\/www.bardeni.es\/es\/terminos-y-condiciones\/#breadcrumb\",\"itemListElement\":[{\"@type\":\"ListItem\",\"position\":1,\"name\":\"Inici\",\"item\":\"https:\/\/www.bardeni.es\/es\/\"},{\"@type\":\"ListItem\",\"position\":2,\"name\":\"T\\u00e9rminos y condiciones\"}]}]}<\/script>\n<!-- \/ Yoast SEO plugin. -->","yoast_head_json":{"title":"T\u00e9rminos y condiciones - Bardeni el Meatbar","robots":{"index":"index","follow":"follow","max-snippet":"max-snippet:-1","max-image-preview":"max-image-preview:large","max-video-preview":"max-video-preview:-1"},"canonical":"https:\/\/www.bardeni.es\/es\/terminos-y-condiciones\/","og_locale":"es_ES","og_type":"article","og_title":"T\u00e9rminos y condiciones - Bardeni el Meatbar","og_description":"CONDICIONES DE USO El acceso y uso del sitio web www.bardeni.es (el \u201cSitio Web\u201d) da la condici\u00f3n de Usuario al visitante del Sito Web e implica la total aceptaci\u00f3n de estas condiciones de uso. PROPIEDAD INTELECTUAL E INDUSTRIAL El Sitio Web y sus contenidos, incluidos los dise\u00f1os, textos, gr\u00e1ficos, logos, iconos, botones, as\u00ed como el software, los nombres comerciales, las marcas, obras, ilustraciones, fotograf\u00edas o dibujos industriales y cualesquiera otros signos susceptibles de utilizaci\u00f3n industrial y comercial son propiedad y titularidad de CALDENI, SL, (BARDENI) c\/ Valencia 452, bajos,\u00a0 08013 Barcelona, CIF: B63899462 y est\u00e1n protegidos por la legislaci\u00f3n nacional e internacional sobre propiedad intelectual e industrial. En ning\u00fan caso se entender\u00e1 que BARDENI concede licencia alguna o efect\u00faa renuncia, transmisi\u00f3n, cesi\u00f3n total o parcial de dichos derechos ni se confiere ning\u00fan derecho ni expectativa de derecho, y en especial, [&hellip;]","og_url":"https:\/\/www.bardeni.es\/es\/terminos-y-condiciones\/","og_site_name":"Bardeni el Meatbar","article_modified_time":"2020-06-15T21:21:58+00:00","twitter_card":"summary_large_image","twitter_misc":{"Tiempo de lectura":"3 minutos"},"schema":{"@context":"https:\/\/schema.org","@graph":[{"@type":"WebSite","@id":"https:\/\/www.bardeni.es\/ca\/#website","url":"https:\/\/www.bardeni.es\/ca\/","name":"Bardeni el Meatbar","description":"Bardeni","potentialAction":[{"@type":"SearchAction","target":{"@type":"EntryPoint","urlTemplate":"https:\/\/www.bardeni.es\/ca\/?s={search_term_string}"},"query-input":"required name=search_term_string"}],"inLanguage":"es"},{"@type":"WebPage","@id":"https:\/\/www.bardeni.es\/es\/terminos-y-condiciones\/#webpage","url":"https:\/\/www.bardeni.es\/es\/terminos-y-condiciones\/","name":"T\u00e9rminos y condiciones - Bardeni el Meatbar","isPartOf":{"@id":"https:\/\/www.bardeni.es\/ca\/#website"},"datePublished":"2020-06-12T16:13:45+00:00","dateModified":"2020-06-15T21:21:58+00:00","breadcrumb":{"@id":"https:\/\/www.bardeni.es\/es\/terminos-y-condiciones\/#breadcrumb"},"inLanguage":"es","potentialAction":[{"@type":"ReadAction","target":["https:\/\/www.bardeni.es\/es\/terminos-y-condiciones\/"]}]},{"@type":"BreadcrumbList","@id":"https:\/\/www.bardeni.es\/es\/terminos-y-condiciones\/#breadcrumb","itemListElement":[{"@type":"ListItem","position":1,"name":"Inici","item":"https:\/\/www.bardeni.es\/es\/"},{"@type":"ListItem","position":2,"name":"T\u00e9rminos y condiciones"}]}]}},"_links":{"self":[{"href":"https:\/\/www.bardeni.es\/es\/wp-json\/wp\/v2\/pages\/13689"}],"collection":[{"href":"https:\/\/www.bardeni.es\/es\/wp-json\/wp\/v2\/pages"}],"about":[{"href":"https:\/\/www.bardeni.es\/es\/wp-json\/wp\/v2\/types\/page"}],"author":[{"embeddable":true,"href":"https:\/\/www.bardeni.es\/es\/wp-json\/wp\/v2\/users\/1"}],"replies":[{"embeddable":true,"href":"https:\/\/www.bardeni.es\/es\/wp-json\/wp\/v2\/comments?post=13689"}],"version-history":[{"count":3,"href":"https:\/\/www.bardeni.es\/es\/wp-json\/wp\/v2\/pages\/13689\/revisions"}],"predecessor-version":[{"id":13841,"href":"https:\/\/www.bardeni.es\/es\/wp-json\/wp\/v2\/pages\/13689\/revisions\/13841"}],"wp:attachment":[{"href":"https:\/\/www.bardeni.es\/es\/wp-json\/wp\/v2\/media?parent=13689"}],"curies":[{"name":"wp","href":"https:\/\/api.w.org\/{rel}","templated":true}]}}