{"id":13395,"date":"2020-06-09T21:45:26","date_gmt":"2020-06-09T19:45:26","guid":{"rendered":"https:\/\/www.bardeni.es\/?post_type=product&#038;p=13395"},"modified":"2026-04-17T09:49:04","modified_gmt":"2026-04-17T07:49:04","slug":"steak-tartar-dangus-beef","status":"publish","type":"product","link":"https:\/\/www.bardeni.es\/en\/producte\/steak-tartar-dangus-beef\/","title":{"rendered":"Steak tartar d&#8217;Angus beef"},"content":{"rendered":"","protected":false},"excerpt":{"rendered":"<p>El nostre cl\u00e0ssic!!<br \/>\nAmb torradetes de pa (G)<br \/>\nLlest per menjar en les seg\u00fcents hores.<br \/>\nSi el vol menjar per la nit o al dia seg\u00fcent millor triar el del condiment separat.<\/p>\n","protected":false},"featured_media":13497,"template":"","meta":{"spay_email":""},"product_cat":[407],"product_tag":[],"yoast_head":"<!-- This site is optimized with the Yoast SEO plugin v16.7 - https:\/\/yoast.com\/wordpress\/plugins\/seo\/ -->\n<title>Steak tartar d&#039;Angus beef - Bardeni el Meatbar<\/title>\n<meta name=\"robots\" content=\"index, follow, max-snippet:-1, max-image-preview:large, max-video-preview:-1\" \/>\n<link rel=\"canonical\" href=\"https:\/\/www.bardeni.es\/en\/producte\/steak-tartar-dangus-beef\/\" \/>\n<meta property=\"og:locale\" content=\"en_US\" \/>\n<meta property=\"og:type\" content=\"article\" \/>\n<meta property=\"og:title\" content=\"Steak tartar d&#039;Angus beef - Bardeni el Meatbar\" \/>\n<meta property=\"og:description\" content=\"El nostre cl\u00e0ssic!! Amb torradetes de pa (G) Llest per menjar en les seg\u00fcents hores. Si el vol menjar per la nit o al dia seg\u00fcent millor triar el del condiment separat.\" \/>\n<meta property=\"og:url\" content=\"https:\/\/www.bardeni.es\/en\/producte\/steak-tartar-dangus-beef\/\" \/>\n<meta property=\"og:site_name\" content=\"Bardeni el Meatbar\" \/>\n<meta property=\"article:modified_time\" content=\"2026-04-17T07:49:04+00:00\" \/>\n<meta property=\"og:image\" content=\"https:\/\/i2.wp.com\/www.bardeni.es\/wp-content\/uploads\/2018\/02\/steak.jpg?fit=950%2C713&#038;ssl=1\" \/>\n\t<meta property=\"og:image:width\" content=\"950\" \/>\n\t<meta property=\"og:image:height\" content=\"713\" \/>\n<meta name=\"twitter:card\" content=\"summary_large_image\" \/>\n<script type=\"application\/ld+json\" class=\"yoast-schema-graph\">{\"@context\":\"https:\/\/schema.org\",\"@graph\":[{\"@type\":\"WebSite\",\"@id\":\"https:\/\/www.bardeni.es\/ca\/#website\",\"url\":\"https:\/\/www.bardeni.es\/ca\/\",\"name\":\"Bardeni el Meatbar\",\"description\":\"Bardeni\",\"potentialAction\":[{\"@type\":\"SearchAction\",\"target\":{\"@type\":\"EntryPoint\",\"urlTemplate\":\"https:\/\/www.bardeni.es\/ca\/?s={search_term_string}\"},\"query-input\":\"required name=search_term_string\"}],\"inLanguage\":\"en-US\"},{\"@type\":\"ImageObject\",\"@id\":\"https:\/\/www.bardeni.es\/en\/producte\/steak-tartar-dangus-beef\/#primaryimage\",\"inLanguage\":\"en-US\",\"url\":\"https:\/\/i2.wp.com\/www.bardeni.es\/wp-content\/uploads\/2018\/02\/steak.jpg?fit=950%2C713&ssl=1\",\"contentUrl\":\"https:\/\/i2.wp.com\/www.bardeni.es\/wp-content\/uploads\/2018\/02\/steak.jpg?fit=950%2C713&ssl=1\",\"width\":950,\"height\":713},{\"@type\":\"WebPage\",\"@id\":\"https:\/\/www.bardeni.es\/en\/producte\/steak-tartar-dangus-beef\/#webpage\",\"url\":\"https:\/\/www.bardeni.es\/en\/producte\/steak-tartar-dangus-beef\/\",\"name\":\"Steak tartar d'Angus beef - Bardeni el Meatbar\",\"isPartOf\":{\"@id\":\"https:\/\/www.bardeni.es\/ca\/#website\"},\"primaryImageOfPage\":{\"@id\":\"https:\/\/www.bardeni.es\/en\/producte\/steak-tartar-dangus-beef\/#primaryimage\"},\"datePublished\":\"2020-06-09T19:45:26+00:00\",\"dateModified\":\"2026-04-17T07:49:04+00:00\",\"breadcrumb\":{\"@id\":\"https:\/\/www.bardeni.es\/en\/producte\/steak-tartar-dangus-beef\/#breadcrumb\"},\"inLanguage\":\"en-US\",\"potentialAction\":[{\"@type\":\"ReadAction\",\"target\":[\"https:\/\/www.bardeni.es\/en\/producte\/steak-tartar-dangus-beef\/\"]}]},{\"@type\":\"BreadcrumbList\",\"@id\":\"https:\/\/www.bardeni.es\/en\/producte\/steak-tartar-dangus-beef\/#breadcrumb\",\"itemListElement\":[{\"@type\":\"ListItem\",\"position\":1,\"name\":\"Inici\",\"item\":\"https:\/\/www.bardeni.es\/en\/\"},{\"@type\":\"ListItem\",\"position\":2,\"name\":\"Shop\",\"item\":\"https:\/\/www.bardeni.es\/en\/?page_id=13173\"},{\"@type\":\"ListItem\",\"position\":3,\"name\":\"Steak tartar d&#8217;Angus beef\"}]}]}<\/script>\n<!-- \/ Yoast SEO plugin. -->","yoast_head_json":{"title":"Steak tartar d'Angus beef - Bardeni el Meatbar","robots":{"index":"index","follow":"follow","max-snippet":"max-snippet:-1","max-image-preview":"max-image-preview:large","max-video-preview":"max-video-preview:-1"},"canonical":"https:\/\/www.bardeni.es\/en\/producte\/steak-tartar-dangus-beef\/","og_locale":"en_US","og_type":"article","og_title":"Steak tartar d'Angus beef - Bardeni el Meatbar","og_description":"El nostre cl\u00e0ssic!! Amb torradetes de pa (G) Llest per menjar en les seg\u00fcents hores. Si el vol menjar per la nit o al dia seg\u00fcent millor triar el del condiment separat.","og_url":"https:\/\/www.bardeni.es\/en\/producte\/steak-tartar-dangus-beef\/","og_site_name":"Bardeni el Meatbar","article_modified_time":"2026-04-17T07:49:04+00:00","og_image":[{"width":950,"height":713,"url":"https:\/\/i2.wp.com\/www.bardeni.es\/wp-content\/uploads\/2018\/02\/steak.jpg?fit=950%2C713&ssl=1","path":"\/var\/www\/bardeni.es\/public_html\/wp-content\/uploads\/2018\/02\/steak.jpg","size":"full","id":13497,"alt":"","pixels":677350,"type":"image\/jpeg"}],"twitter_card":"summary_large_image","schema":{"@context":"https:\/\/schema.org","@graph":[{"@type":"WebSite","@id":"https:\/\/www.bardeni.es\/ca\/#website","url":"https:\/\/www.bardeni.es\/ca\/","name":"Bardeni el Meatbar","description":"Bardeni","potentialAction":[{"@type":"SearchAction","target":{"@type":"EntryPoint","urlTemplate":"https:\/\/www.bardeni.es\/ca\/?s={search_term_string}"},"query-input":"required name=search_term_string"}],"inLanguage":"en-US"},{"@type":"ImageObject","@id":"https:\/\/www.bardeni.es\/en\/producte\/steak-tartar-dangus-beef\/#primaryimage","inLanguage":"en-US","url":"https:\/\/i2.wp.com\/www.bardeni.es\/wp-content\/uploads\/2018\/02\/steak.jpg?fit=950%2C713&ssl=1","contentUrl":"https:\/\/i2.wp.com\/www.bardeni.es\/wp-content\/uploads\/2018\/02\/steak.jpg?fit=950%2C713&ssl=1","width":950,"height":713},{"@type":"WebPage","@id":"https:\/\/www.bardeni.es\/en\/producte\/steak-tartar-dangus-beef\/#webpage","url":"https:\/\/www.bardeni.es\/en\/producte\/steak-tartar-dangus-beef\/","name":"Steak tartar d'Angus beef - Bardeni el Meatbar","isPartOf":{"@id":"https:\/\/www.bardeni.es\/ca\/#website"},"primaryImageOfPage":{"@id":"https:\/\/www.bardeni.es\/en\/producte\/steak-tartar-dangus-beef\/#primaryimage"},"datePublished":"2020-06-09T19:45:26+00:00","dateModified":"2026-04-17T07:49:04+00:00","breadcrumb":{"@id":"https:\/\/www.bardeni.es\/en\/producte\/steak-tartar-dangus-beef\/#breadcrumb"},"inLanguage":"en-US","potentialAction":[{"@type":"ReadAction","target":["https:\/\/www.bardeni.es\/en\/producte\/steak-tartar-dangus-beef\/"]}]},{"@type":"BreadcrumbList","@id":"https:\/\/www.bardeni.es\/en\/producte\/steak-tartar-dangus-beef\/#breadcrumb","itemListElement":[{"@type":"ListItem","position":1,"name":"Inici","item":"https:\/\/www.bardeni.es\/en\/"},{"@type":"ListItem","position":2,"name":"Shop","item":"https:\/\/www.bardeni.es\/en\/?page_id=13173"},{"@type":"ListItem","position":3,"name":"Steak tartar d&#8217;Angus beef"}]}]}},"_links":{"self":[{"href":"https:\/\/www.bardeni.es\/en\/wp-json\/wp\/v2\/product\/13395"}],"collection":[{"href":"https:\/\/www.bardeni.es\/en\/wp-json\/wp\/v2\/product"}],"about":[{"href":"https:\/\/www.bardeni.es\/en\/wp-json\/wp\/v2\/types\/product"}],"wp:featuredmedia":[{"embeddable":true,"href":"https:\/\/www.bardeni.es\/en\/wp-json\/wp\/v2\/media\/13497"}],"wp:attachment":[{"href":"https:\/\/www.bardeni.es\/en\/wp-json\/wp\/v2\/media?parent=13395"}],"wp:term":[{"taxonomy":"product_cat","embeddable":true,"href":"https:\/\/www.bardeni.es\/en\/wp-json\/wp\/v2\/product_cat?post=13395"},{"taxonomy":"product_tag","embeddable":true,"href":"https:\/\/www.bardeni.es\/en\/wp-json\/wp\/v2\/product_tag?post=13395"}],"curies":[{"name":"wp","href":"https:\/\/api.w.org\/{rel}","templated":true}]}}