{"id":13681,"date":"2020-06-12T15:55:26","date_gmt":"2020-06-12T15:55:26","guid":{"rendered":"https:\/\/www.bardeni.es\/politica-de-privacidad\/"},"modified":"2020-06-12T16:08:47","modified_gmt":"2020-06-12T16:08:47","slug":"privacy-policy","status":"publish","type":"page","link":"https:\/\/www.bardeni.es\/en\/privacy-policy\/","title":{"rendered":"Privacy policy"},"content":{"rendered":"<p>[vc_row][vc_column width=&#8221;1\/6&#8243;][\/vc_column][vc_column width=&#8221;4\/6&#8243;][vc_column_text]<strong>Translate in progress sorry for the inconvenience<\/strong><\/p>\n<p>&nbsp;<\/p>\n<p><strong>RESPONSABLE<\/strong><\/p>\n<p>La empresa responsable del uso de los datos personales es CALDENI, S.L. (en adelante BARDENI), calle Valencia 452, bajos, 08013 Barcelona, con CIF B-63899462. Con email: info@caldeni.com<\/p>\n<p>&nbsp;<\/p>\n<p><strong>FINALIDADES<\/strong><\/p>\n<p>En cumplimiento de lo dispuesto en el Reglamento Europeo 2016\/679 General de Protecci\u00f3n de Datos, BARDENI trata los datos facilitados para las siguientes finalidades:<\/p>\n<ul>\n<li>Suscribirse a nuestra newsletter, para estar informado de nuestras novedades, aportando el nombre, los apellidos y una direcci\u00f3n de e-mail<\/li>\n<li>Compra de nuestros productos a trav\u00e9s de la tienda online, aportando nombre, apellidos, direcci\u00f3n postal, tel\u00e9fono y e-mail.<\/li>\n<\/ul>\n<p>&nbsp;<\/p>\n<p><strong>PLAZO DE CONSERVACI\u00d3N DE LOS DATOS<\/strong><\/p>\n<p>Los datos ser\u00e1n conservados mientras dure la relaci\u00f3n comercial o solicites su supresi\u00f3n, as\u00ed como el tiempo necesario para cumplir las obligaciones legales.<\/p>\n<p>&nbsp;<\/p>\n<p><strong>CESE DE DATOS A TERCEROS<\/strong><\/p>\n<p>Los datos que nos faciliten no ser\u00e1n usados por ning\u00fan tercero. Salvo en los casos que sean requeridos por alg\u00fan tema legal para defender los intereses de la empresa.<\/p>\n<p>&nbsp;<\/p>\n<p><strong>DERECHOS<\/strong><\/p>\n<p>Al facilitarnos sus datos tiene derecho a obtener confirmaci\u00f3n sobre si estamos tratando datos personales que le conciernan, o no.<br \/>\nAsimismo, tiene derecho a acceder a sus datos personales, as\u00ed como a solicitar la rectificaci\u00f3n de los datos inexactos o, en su caso, solicitar su supresi\u00f3n cuando, entre otros motivos, los datos ya no sean necesarios para los fines que fueron recogidos.<\/p>\n<p>Si desea hacer uso de cualquiera de sus derechos puede dirigirse a nosotros a trav\u00e9s de los enlaces habilitados que encontrar\u00e1 en los correos electr\u00f3nicos de BARDENI. Tambi\u00e9n puede dirigirse a nosotros mediante correo electr\u00f3nico info@caldeni.com o correo postal a la siguiente direcci\u00f3n: CALDENI, SL C\/ Valencia 452, bajos, 08013 Barcelona, Espa\u00f1a. Indicando Nombre, apellidos, email y motivo del escrito.<\/p>\n<p>&nbsp;<\/p>\n<p>Versi\u00f3n 11 de junio de 2020[\/vc_column_text][\/vc_column][vc_column width=&#8221;1\/6&#8243;][\/vc_column][\/vc_row]<\/p>\n","protected":false},"excerpt":{"rendered":"<p>[vc_row][vc_column width=&#8221;1\/6&#8243;][\/vc_column][vc_column width=&#8221;4\/6&#8243;][vc_column_text]Translate in progress sorry for the inconvenience &nbsp; RESPONSABLE La empresa responsable del uso de los datos personales es CALDENI, S.L. (en adelante BARDENI), calle Valencia 452, bajos, 08013 Barcelona, con CIF B-63899462. Con email: info@caldeni.com &nbsp; FINALIDADES En cumplimiento de lo dispuesto en el Reglamento Europeo 2016\/679 General de Protecci\u00f3n de Datos, BARDENI trata los datos facilitados para las siguientes finalidades: Suscribirse a nuestra newsletter, para estar informado de nuestras novedades, aportando el nombre, los apellidos y una direcci\u00f3n de e-mail Compra de nuestros productos a trav\u00e9s de la tienda online, aportando nombre, apellidos, direcci\u00f3n postal, tel\u00e9fono y e-mail. &nbsp; PLAZO DE CONSERVACI\u00d3N DE LOS DATOS Los datos ser\u00e1n conservados mientras dure la relaci\u00f3n comercial o solicites su supresi\u00f3n, as\u00ed como el tiempo necesario para cumplir las obligaciones legales. &nbsp; CESE DE DATOS A TERCEROS Los datos [&hellip;]<\/p>\n","protected":false},"author":1,"featured_media":0,"parent":0,"menu_order":0,"comment_status":"closed","ping_status":"closed","template":"","meta":{"footnotes":""},"class_list":["post-13681","page","type-page","status-publish","hentry"],"yoast_head":"<!-- This site is optimized with the Yoast SEO plugin v27.4 - https:\/\/yoast.com\/product\/yoast-seo-wordpress\/ -->\n<title>Privacy policy - Bardeni el Meatbar<\/title>\n<meta name=\"robots\" content=\"index, follow, max-snippet:-1, max-image-preview:large, max-video-preview:-1\" \/>\n<link rel=\"canonical\" href=\"https:\/\/www.bardeni.es\/en\/privacy-policy\/\" \/>\n<meta property=\"og:locale\" content=\"en_US\" \/>\n<meta property=\"og:type\" content=\"article\" \/>\n<meta property=\"og:title\" content=\"Privacy policy - Bardeni el Meatbar\" \/>\n<meta property=\"og:description\" content=\"[vc_row][vc_column width=&#8221;1\/6&#8243;][\/vc_column][vc_column width=&#8221;4\/6&#8243;][vc_column_text]Translate in progress sorry for the inconvenience &nbsp; RESPONSABLE La empresa responsable del uso de los datos personales es CALDENI, S.L. (en adelante BARDENI), calle Valencia 452, bajos, 08013 Barcelona, con CIF B-63899462. Con email: info@caldeni.com &nbsp; FINALIDADES En cumplimiento de lo dispuesto en el Reglamento Europeo 2016\/679 General de Protecci\u00f3n de Datos, BARDENI trata los datos facilitados para las siguientes finalidades: Suscribirse a nuestra newsletter, para estar informado de nuestras novedades, aportando el nombre, los apellidos y una direcci\u00f3n de e-mail Compra de nuestros productos a trav\u00e9s de la tienda online, aportando nombre, apellidos, direcci\u00f3n postal, tel\u00e9fono y e-mail. &nbsp; PLAZO DE CONSERVACI\u00d3N DE LOS DATOS Los datos ser\u00e1n conservados mientras dure la relaci\u00f3n comercial o solicites su supresi\u00f3n, as\u00ed como el tiempo necesario para cumplir las obligaciones legales. &nbsp; CESE DE DATOS A TERCEROS Los datos [&hellip;]\" \/>\n<meta property=\"og:url\" content=\"https:\/\/www.bardeni.es\/en\/privacy-policy\/\" \/>\n<meta property=\"og:site_name\" content=\"Bardeni el Meatbar\" \/>\n<meta property=\"article:modified_time\" content=\"2020-06-12T16:08:47+00:00\" \/>\n<meta name=\"twitter:card\" content=\"summary_large_image\" \/>\n<meta name=\"twitter:label1\" content=\"Est. reading time\" \/>\n\t<meta name=\"twitter:data1\" content=\"2 minutes\" \/>\n<script type=\"application\/ld+json\" class=\"yoast-schema-graph\">{\"@context\":\"https:\\\/\\\/schema.org\",\"@graph\":[{\"@type\":\"WebPage\",\"@id\":\"https:\\\/\\\/www.bardeni.es\\\/en\\\/privacy-policy\\\/\",\"url\":\"https:\\\/\\\/www.bardeni.es\\\/en\\\/privacy-policy\\\/\",\"name\":\"Privacy policy - Bardeni el Meatbar\",\"isPartOf\":{\"@id\":\"https:\\\/\\\/www.bardeni.es\\\/en\\\/#website\"},\"datePublished\":\"2020-06-12T15:55:26+00:00\",\"dateModified\":\"2020-06-12T16:08:47+00:00\",\"breadcrumb\":{\"@id\":\"https:\\\/\\\/www.bardeni.es\\\/en\\\/privacy-policy\\\/#breadcrumb\"},\"inLanguage\":\"en-US\",\"potentialAction\":[{\"@type\":\"ReadAction\",\"target\":[\"https:\\\/\\\/www.bardeni.es\\\/en\\\/privacy-policy\\\/\"]}]},{\"@type\":\"BreadcrumbList\",\"@id\":\"https:\\\/\\\/www.bardeni.es\\\/en\\\/privacy-policy\\\/#breadcrumb\",\"itemListElement\":[{\"@type\":\"ListItem\",\"position\":1,\"name\":\"Inici\",\"item\":\"https:\\\/\\\/www.bardeni.es\\\/en\\\/\"},{\"@type\":\"ListItem\",\"position\":2,\"name\":\"Privacy policy\"}]},{\"@type\":\"WebSite\",\"@id\":\"https:\\\/\\\/www.bardeni.es\\\/en\\\/#website\",\"url\":\"https:\\\/\\\/www.bardeni.es\\\/en\\\/\",\"name\":\"Bardeni el Meatbar\",\"description\":\"Bardeni\",\"potentialAction\":[{\"@type\":\"SearchAction\",\"target\":{\"@type\":\"EntryPoint\",\"urlTemplate\":\"https:\\\/\\\/www.bardeni.es\\\/en\\\/?s={search_term_string}\"},\"query-input\":{\"@type\":\"PropertyValueSpecification\",\"valueRequired\":true,\"valueName\":\"search_term_string\"}}],\"inLanguage\":\"en-US\"}]}<\/script>\n<!-- \/ Yoast SEO plugin. -->","yoast_head_json":{"title":"Privacy policy - Bardeni el Meatbar","robots":{"index":"index","follow":"follow","max-snippet":"max-snippet:-1","max-image-preview":"max-image-preview:large","max-video-preview":"max-video-preview:-1"},"canonical":"https:\/\/www.bardeni.es\/en\/privacy-policy\/","og_locale":"en_US","og_type":"article","og_title":"Privacy policy - Bardeni el Meatbar","og_description":"[vc_row][vc_column width=&#8221;1\/6&#8243;][\/vc_column][vc_column width=&#8221;4\/6&#8243;][vc_column_text]Translate in progress sorry for the inconvenience &nbsp; RESPONSABLE La empresa responsable del uso de los datos personales es CALDENI, S.L. (en adelante BARDENI), calle Valencia 452, bajos, 08013 Barcelona, con CIF B-63899462. Con email: info@caldeni.com &nbsp; FINALIDADES En cumplimiento de lo dispuesto en el Reglamento Europeo 2016\/679 General de Protecci\u00f3n de Datos, BARDENI trata los datos facilitados para las siguientes finalidades: Suscribirse a nuestra newsletter, para estar informado de nuestras novedades, aportando el nombre, los apellidos y una direcci\u00f3n de e-mail Compra de nuestros productos a trav\u00e9s de la tienda online, aportando nombre, apellidos, direcci\u00f3n postal, tel\u00e9fono y e-mail. &nbsp; PLAZO DE CONSERVACI\u00d3N DE LOS DATOS Los datos ser\u00e1n conservados mientras dure la relaci\u00f3n comercial o solicites su supresi\u00f3n, as\u00ed como el tiempo necesario para cumplir las obligaciones legales. &nbsp; CESE DE DATOS A TERCEROS Los datos [&hellip;]","og_url":"https:\/\/www.bardeni.es\/en\/privacy-policy\/","og_site_name":"Bardeni el Meatbar","article_modified_time":"2020-06-12T16:08:47+00:00","twitter_card":"summary_large_image","twitter_misc":{"Est. reading time":"2 minutes"},"schema":{"@context":"https:\/\/schema.org","@graph":[{"@type":"WebPage","@id":"https:\/\/www.bardeni.es\/en\/privacy-policy\/","url":"https:\/\/www.bardeni.es\/en\/privacy-policy\/","name":"Privacy policy - Bardeni el Meatbar","isPartOf":{"@id":"https:\/\/www.bardeni.es\/en\/#website"},"datePublished":"2020-06-12T15:55:26+00:00","dateModified":"2020-06-12T16:08:47+00:00","breadcrumb":{"@id":"https:\/\/www.bardeni.es\/en\/privacy-policy\/#breadcrumb"},"inLanguage":"en-US","potentialAction":[{"@type":"ReadAction","target":["https:\/\/www.bardeni.es\/en\/privacy-policy\/"]}]},{"@type":"BreadcrumbList","@id":"https:\/\/www.bardeni.es\/en\/privacy-policy\/#breadcrumb","itemListElement":[{"@type":"ListItem","position":1,"name":"Inici","item":"https:\/\/www.bardeni.es\/en\/"},{"@type":"ListItem","position":2,"name":"Privacy policy"}]},{"@type":"WebSite","@id":"https:\/\/www.bardeni.es\/en\/#website","url":"https:\/\/www.bardeni.es\/en\/","name":"Bardeni el Meatbar","description":"Bardeni","potentialAction":[{"@type":"SearchAction","target":{"@type":"EntryPoint","urlTemplate":"https:\/\/www.bardeni.es\/en\/?s={search_term_string}"},"query-input":{"@type":"PropertyValueSpecification","valueRequired":true,"valueName":"search_term_string"}}],"inLanguage":"en-US"}]}},"_links":{"self":[{"href":"https:\/\/www.bardeni.es\/en\/wp-json\/wp\/v2\/pages\/13681","targetHints":{"allow":["GET"]}}],"collection":[{"href":"https:\/\/www.bardeni.es\/en\/wp-json\/wp\/v2\/pages"}],"about":[{"href":"https:\/\/www.bardeni.es\/en\/wp-json\/wp\/v2\/types\/page"}],"author":[{"embeddable":true,"href":"https:\/\/www.bardeni.es\/en\/wp-json\/wp\/v2\/users\/1"}],"replies":[{"embeddable":true,"href":"https:\/\/www.bardeni.es\/en\/wp-json\/wp\/v2\/comments?post=13681"}],"version-history":[{"count":3,"href":"https:\/\/www.bardeni.es\/en\/wp-json\/wp\/v2\/pages\/13681\/revisions"}],"predecessor-version":[{"id":13685,"href":"https:\/\/www.bardeni.es\/en\/wp-json\/wp\/v2\/pages\/13681\/revisions\/13685"}],"wp:attachment":[{"href":"https:\/\/www.bardeni.es\/en\/wp-json\/wp\/v2\/media?parent=13681"}],"curies":[{"name":"wp","href":"https:\/\/api.w.org\/{rel}","templated":true}]}}