{"id":14573,"date":"2020-10-28T18:51:06","date_gmt":"2020-10-28T17:51:06","guid":{"rendered":"https:\/\/www.bardeni.es\/?post_type=product&#038;p=14573"},"modified":"2021-02-13T16:07:44","modified_gmt":"2021-02-13T15:07:44","slug":"rigatoni-carn","status":"publish","type":"product","link":"https:\/\/www.bardeni.es\/ca\/producte\/rigatoni-carn\/","title":{"rendered":"Rigatoni-Maccheroni artes\u00e0 amb rag\u00fa de bolognesa &#8220;dry-aged&#8221;"},"content":{"rendered":"","protected":false},"excerpt":{"rendered":"<p>Rigatoni-Maccheroni artes\u00e0, trefilat al bronze, amb rag\u00fa de bolognesa &#8220;dry-aged&#8221;, tom\u00e0quet fresc fumat i n\u00favol de parmes\u00e0<\/p>\n","protected":false},"featured_media":14589,"template":"","meta":{"spay_email":""},"product_cat":[407],"product_tag":[],"yoast_head":"<!-- This site is optimized with the Yoast SEO plugin v16.7 - https:\/\/yoast.com\/wordpress\/plugins\/seo\/ -->\n<title>Rigatoni-Maccheroni artes\u00e0 amb rag\u00fa de bolognesa &quot;dry-aged&quot; - Bardeni el Meatbar<\/title>\n<meta name=\"robots\" content=\"index, follow, max-snippet:-1, max-image-preview:large, max-video-preview:-1\" \/>\n<link rel=\"canonical\" href=\"https:\/\/www.bardeni.es\/ca\/producte\/rigatoni-carn\/\" \/>\n<meta property=\"og:locale\" content=\"ca_ES\" \/>\n<meta property=\"og:type\" content=\"article\" \/>\n<meta property=\"og:title\" content=\"Rigatoni-Maccheroni artes\u00e0 amb rag\u00fa de bolognesa &quot;dry-aged&quot; - Bardeni el Meatbar\" \/>\n<meta property=\"og:description\" content=\"Rigatoni-Maccheroni artes\u00e0, trefilat al bronze, amb rag\u00fa de bolognesa &#8220;dry-aged&#8221;, tom\u00e0quet fresc fumat i n\u00favol de parmes\u00e0\" \/>\n<meta property=\"og:url\" content=\"https:\/\/www.bardeni.es\/ca\/producte\/rigatoni-carn\/\" \/>\n<meta property=\"og:site_name\" content=\"Bardeni el Meatbar\" \/>\n<meta property=\"article:modified_time\" content=\"2021-02-13T15:07:44+00:00\" \/>\n<meta property=\"og:image\" content=\"https:\/\/i1.wp.com\/www.bardeni.es\/wp-content\/uploads\/2020\/10\/rigatoni-bolognesa.jpg?fit=950%2C713&#038;ssl=1\" \/>\n\t<meta property=\"og:image:width\" content=\"950\" \/>\n\t<meta property=\"og:image:height\" content=\"713\" \/>\n<meta name=\"twitter:card\" content=\"summary_large_image\" \/>\n<script type=\"application\/ld+json\" class=\"yoast-schema-graph\">{\"@context\":\"https:\/\/schema.org\",\"@graph\":[{\"@type\":\"WebSite\",\"@id\":\"https:\/\/www.bardeni.es\/ca\/#website\",\"url\":\"https:\/\/www.bardeni.es\/ca\/\",\"name\":\"Bardeni el Meatbar\",\"description\":\"Bardeni\",\"potentialAction\":[{\"@type\":\"SearchAction\",\"target\":{\"@type\":\"EntryPoint\",\"urlTemplate\":\"https:\/\/www.bardeni.es\/ca\/?s={search_term_string}\"},\"query-input\":\"required name=search_term_string\"}],\"inLanguage\":\"ca\"},{\"@type\":\"ImageObject\",\"@id\":\"https:\/\/www.bardeni.es\/ca\/producte\/rigatoni-carn\/#primaryimage\",\"inLanguage\":\"ca\",\"url\":\"https:\/\/i1.wp.com\/www.bardeni.es\/wp-content\/uploads\/2020\/10\/rigatoni-bolognesa.jpg?fit=950%2C713&ssl=1\",\"contentUrl\":\"https:\/\/i1.wp.com\/www.bardeni.es\/wp-content\/uploads\/2020\/10\/rigatoni-bolognesa.jpg?fit=950%2C713&ssl=1\",\"width\":950,\"height\":713},{\"@type\":\"WebPage\",\"@id\":\"https:\/\/www.bardeni.es\/ca\/producte\/rigatoni-carn\/#webpage\",\"url\":\"https:\/\/www.bardeni.es\/ca\/producte\/rigatoni-carn\/\",\"name\":\"Rigatoni-Maccheroni artes\\u00e0 amb rag\\u00fa de bolognesa \\\"dry-aged\\\" - Bardeni el Meatbar\",\"isPartOf\":{\"@id\":\"https:\/\/www.bardeni.es\/ca\/#website\"},\"primaryImageOfPage\":{\"@id\":\"https:\/\/www.bardeni.es\/ca\/producte\/rigatoni-carn\/#primaryimage\"},\"datePublished\":\"2020-10-28T17:51:06+00:00\",\"dateModified\":\"2021-02-13T15:07:44+00:00\",\"breadcrumb\":{\"@id\":\"https:\/\/www.bardeni.es\/ca\/producte\/rigatoni-carn\/#breadcrumb\"},\"inLanguage\":\"ca\",\"potentialAction\":[{\"@type\":\"ReadAction\",\"target\":[\"https:\/\/www.bardeni.es\/ca\/producte\/rigatoni-carn\/\"]}]},{\"@type\":\"BreadcrumbList\",\"@id\":\"https:\/\/www.bardeni.es\/ca\/producte\/rigatoni-carn\/#breadcrumb\",\"itemListElement\":[{\"@type\":\"ListItem\",\"position\":1,\"name\":\"Inici\",\"item\":\"https:\/\/www.bardeni.es\/ca\/\"},{\"@type\":\"ListItem\",\"position\":2,\"name\":\"Shop\",\"item\":\"https:\/\/www.bardeni.es\/ca\/?page_id=13171\"},{\"@type\":\"ListItem\",\"position\":3,\"name\":\"Rigatoni-Maccheroni artes\\u00e0 amb rag\\u00fa de bolognesa &#8220;dry-aged&#8221;\"}]}]}<\/script>\n<!-- \/ Yoast SEO plugin. -->","yoast_head_json":{"title":"Rigatoni-Maccheroni artes\u00e0 amb rag\u00fa de bolognesa \"dry-aged\" - Bardeni el Meatbar","robots":{"index":"index","follow":"follow","max-snippet":"max-snippet:-1","max-image-preview":"max-image-preview:large","max-video-preview":"max-video-preview:-1"},"canonical":"https:\/\/www.bardeni.es\/ca\/producte\/rigatoni-carn\/","og_locale":"ca_ES","og_type":"article","og_title":"Rigatoni-Maccheroni artes\u00e0 amb rag\u00fa de bolognesa \"dry-aged\" - Bardeni el Meatbar","og_description":"Rigatoni-Maccheroni artes\u00e0, trefilat al bronze, amb rag\u00fa de bolognesa &#8220;dry-aged&#8221;, tom\u00e0quet fresc fumat i n\u00favol de parmes\u00e0","og_url":"https:\/\/www.bardeni.es\/ca\/producte\/rigatoni-carn\/","og_site_name":"Bardeni el Meatbar","article_modified_time":"2021-02-13T15:07:44+00:00","og_image":[{"width":950,"height":713,"url":"https:\/\/i1.wp.com\/www.bardeni.es\/wp-content\/uploads\/2020\/10\/rigatoni-bolognesa.jpg?fit=950%2C713&ssl=1","path":"\/var\/www\/bardeni.es\/public_html\/wp-content\/uploads\/2020\/10\/rigatoni-bolognesa.jpg","size":"full","id":14589,"alt":"","pixels":677350,"type":"image\/jpeg"}],"twitter_card":"summary_large_image","schema":{"@context":"https:\/\/schema.org","@graph":[{"@type":"WebSite","@id":"https:\/\/www.bardeni.es\/ca\/#website","url":"https:\/\/www.bardeni.es\/ca\/","name":"Bardeni el Meatbar","description":"Bardeni","potentialAction":[{"@type":"SearchAction","target":{"@type":"EntryPoint","urlTemplate":"https:\/\/www.bardeni.es\/ca\/?s={search_term_string}"},"query-input":"required name=search_term_string"}],"inLanguage":"ca"},{"@type":"ImageObject","@id":"https:\/\/www.bardeni.es\/ca\/producte\/rigatoni-carn\/#primaryimage","inLanguage":"ca","url":"https:\/\/i1.wp.com\/www.bardeni.es\/wp-content\/uploads\/2020\/10\/rigatoni-bolognesa.jpg?fit=950%2C713&ssl=1","contentUrl":"https:\/\/i1.wp.com\/www.bardeni.es\/wp-content\/uploads\/2020\/10\/rigatoni-bolognesa.jpg?fit=950%2C713&ssl=1","width":950,"height":713},{"@type":"WebPage","@id":"https:\/\/www.bardeni.es\/ca\/producte\/rigatoni-carn\/#webpage","url":"https:\/\/www.bardeni.es\/ca\/producte\/rigatoni-carn\/","name":"Rigatoni-Maccheroni artes\u00e0 amb rag\u00fa de bolognesa \"dry-aged\" - Bardeni el Meatbar","isPartOf":{"@id":"https:\/\/www.bardeni.es\/ca\/#website"},"primaryImageOfPage":{"@id":"https:\/\/www.bardeni.es\/ca\/producte\/rigatoni-carn\/#primaryimage"},"datePublished":"2020-10-28T17:51:06+00:00","dateModified":"2021-02-13T15:07:44+00:00","breadcrumb":{"@id":"https:\/\/www.bardeni.es\/ca\/producte\/rigatoni-carn\/#breadcrumb"},"inLanguage":"ca","potentialAction":[{"@type":"ReadAction","target":["https:\/\/www.bardeni.es\/ca\/producte\/rigatoni-carn\/"]}]},{"@type":"BreadcrumbList","@id":"https:\/\/www.bardeni.es\/ca\/producte\/rigatoni-carn\/#breadcrumb","itemListElement":[{"@type":"ListItem","position":1,"name":"Inici","item":"https:\/\/www.bardeni.es\/ca\/"},{"@type":"ListItem","position":2,"name":"Shop","item":"https:\/\/www.bardeni.es\/ca\/?page_id=13171"},{"@type":"ListItem","position":3,"name":"Rigatoni-Maccheroni artes\u00e0 amb rag\u00fa de bolognesa &#8220;dry-aged&#8221;"}]}]}},"_links":{"self":[{"href":"https:\/\/www.bardeni.es\/ca\/wp-json\/wp\/v2\/product\/14573"}],"collection":[{"href":"https:\/\/www.bardeni.es\/ca\/wp-json\/wp\/v2\/product"}],"about":[{"href":"https:\/\/www.bardeni.es\/ca\/wp-json\/wp\/v2\/types\/product"}],"wp:featuredmedia":[{"embeddable":true,"href":"https:\/\/www.bardeni.es\/ca\/wp-json\/wp\/v2\/media\/14589"}],"wp:attachment":[{"href":"https:\/\/www.bardeni.es\/ca\/wp-json\/wp\/v2\/media?parent=14573"}],"wp:term":[{"taxonomy":"product_cat","embeddable":true,"href":"https:\/\/www.bardeni.es\/ca\/wp-json\/wp\/v2\/product_cat?post=14573"},{"taxonomy":"product_tag","embeddable":true,"href":"https:\/\/www.bardeni.es\/ca\/wp-json\/wp\/v2\/product_tag?post=14573"}],"curies":[{"name":"wp","href":"https:\/\/api.w.org\/{rel}","templated":true}]}}