{"id":15183,"date":"2020-12-13T13:42:52","date_gmt":"2020-12-13T12:42:52","guid":{"rendered":"https:\/\/www.bardeni.es\/?page_id=15183"},"modified":"2023-05-31T19:44:54","modified_gmt":"2023-05-31T17:44:54","slug":"val-regal","status":"publish","type":"page","link":"https:\/\/www.bardeni.es\/ca\/val-regal\/","title":{"rendered":"Val regal"},"content":{"rendered":"<p>[vc_row][vc_column][vc_column_text]<\/p>\n<p style=\"text-align: center;\">Poden regalar Bardeni.<\/p>\n<p style=\"text-align: center;\"><strong>Tenen la possibilitat de comprar un Val per un import determinat per consumir al Bardeni .\u00a0<\/strong><\/p>\n<p style=\"text-align: center;\">Quan realitzin la seva compra rebran un comprovant de la mateixa i en unes 24 hores, com a m\u00e0xim,<br \/>\nrebran un val en format pdf imprimible per poder-li entregar a la persona a qui li regalen.<br \/>\nEn aquest val apareixer\u00e0 un n\u00famero que hauran d&#8217;indicar enviant-nos un email despr\u00e9s de fer la reserva de taula a la nostra web.<br \/>\nSi la consumici\u00f3 total \u00e9s inferior a l&#8217;import del val regal no es retornar\u00e0 la difer\u00e8ncia. S&#8217;ha de consumir en la seva totalitat. Moltes gr\u00e0cies!!<\/p>\n<p style=\"text-align: center;\">El val t\u00e9 una caducitat de 90 dies a partir del dia de la compra.<\/p>\n<p>[\/vc_column_text]<div class=\"es-resp\">\t<div class=\"visible-xl\" style=\"height: 64px;\"><\/div>\t<div class=\"hidden-xl hidden-md hidden-sm hidden-ms hidden-xs\" style=\"height: 64px;\"><\/div>\t<div class=\"visible-md\" style=\"height: 64px;\"><\/div>\t<div class=\"visible-sm \" style=\"height: 64px;\"><\/div>\t<div class=\"visible-ms\" style=\"height: 32px;\"><\/div>\t<div class=\"visible-xs\" style=\"height: 32px;\"><\/div><\/div><div class=\"woocommerce columns-3 \"><ul class=\"products columns-3\">\n<li class=\"has-post-thumbnail product type-product post-15439 status-publish first instock product_cat-botiga taxable shipping-taxable purchasable product-type-simple\">\n\t<div class=\"item\">\t\t\t<div class=\"image\">\r\n\t\t<img width=\"360\" height=\"270\" src=\"https:\/\/i0.wp.com\/www.bardeni.es\/wp-content\/uploads\/2022\/02\/logo-bardeni1.jpg?fit=360%2C270&amp;ssl=1\" class=\"attachment-woocommerce_thumbnail size-woocommerce_thumbnail\" alt=\"\" loading=\"lazy\" srcset=\"https:\/\/i0.wp.com\/www.bardeni.es\/wp-content\/uploads\/2022\/02\/logo-bardeni1.jpg?w=950&amp;ssl=1 950w, https:\/\/i0.wp.com\/www.bardeni.es\/wp-content\/uploads\/2022\/02\/logo-bardeni1.jpg?resize=300%2C225&amp;ssl=1 300w, https:\/\/i0.wp.com\/www.bardeni.es\/wp-content\/uploads\/2022\/02\/logo-bardeni1.jpg?resize=768%2C576&amp;ssl=1 768w, https:\/\/i0.wp.com\/www.bardeni.es\/wp-content\/uploads\/2022\/02\/logo-bardeni1.jpg?resize=360%2C270&amp;ssl=1 360w, https:\/\/i0.wp.com\/www.bardeni.es\/wp-content\/uploads\/2022\/02\/logo-bardeni1.jpg?resize=600%2C450&amp;ssl=1 600w, https:\/\/i0.wp.com\/www.bardeni.es\/wp-content\/uploads\/2022\/02\/logo-bardeni1.jpg?resize=800%2C600&amp;ssl=1 800w, https:\/\/i0.wp.com\/www.bardeni.es\/wp-content\/uploads\/2022\/02\/logo-bardeni1.jpg?resize=550%2C413&amp;ssl=1 550w\" sizes=\"(max-width: 360px) 100vw, 360px\" \/><\/div><div class=\"ltx-item-descr\"><a href=\"https:\/\/www.bardeni.es\/ca\/producte\/val-import-100-euros-2\/\"><\/a><a href=\"?add-to-cart=15439\" rel=\"nofollow\" data-product_id=\"15439\" data-product_sku=\"\" class=\"button add_to_cart_button product_type_simple\">Afegeix a la cistella<\/a><\/div>\r\n\t\t\t<\/div><\/li>\n<li class=\"has-post-thumbnail product type-product post-15437 status-publish instock product_cat-botiga taxable shipping-taxable purchasable product-type-simple\">\n\t<div class=\"item\">\t\t\t<div class=\"image\">\r\n\t\t<img width=\"360\" height=\"270\" src=\"https:\/\/i0.wp.com\/www.bardeni.es\/wp-content\/uploads\/2022\/02\/logo-bardeni1.jpg?fit=360%2C270&amp;ssl=1\" class=\"attachment-woocommerce_thumbnail size-woocommerce_thumbnail\" alt=\"\" loading=\"lazy\" srcset=\"https:\/\/i0.wp.com\/www.bardeni.es\/wp-content\/uploads\/2022\/02\/logo-bardeni1.jpg?w=950&amp;ssl=1 950w, https:\/\/i0.wp.com\/www.bardeni.es\/wp-content\/uploads\/2022\/02\/logo-bardeni1.jpg?resize=300%2C225&amp;ssl=1 300w, https:\/\/i0.wp.com\/www.bardeni.es\/wp-content\/uploads\/2022\/02\/logo-bardeni1.jpg?resize=768%2C576&amp;ssl=1 768w, https:\/\/i0.wp.com\/www.bardeni.es\/wp-content\/uploads\/2022\/02\/logo-bardeni1.jpg?resize=360%2C270&amp;ssl=1 360w, https:\/\/i0.wp.com\/www.bardeni.es\/wp-content\/uploads\/2022\/02\/logo-bardeni1.jpg?resize=600%2C450&amp;ssl=1 600w, https:\/\/i0.wp.com\/www.bardeni.es\/wp-content\/uploads\/2022\/02\/logo-bardeni1.jpg?resize=800%2C600&amp;ssl=1 800w, https:\/\/i0.wp.com\/www.bardeni.es\/wp-content\/uploads\/2022\/02\/logo-bardeni1.jpg?resize=550%2C413&amp;ssl=1 550w\" sizes=\"(max-width: 360px) 100vw, 360px\" \/><\/div><div class=\"ltx-item-descr\"><a href=\"https:\/\/www.bardeni.es\/ca\/producte\/val-import-120-euros\/\"><\/a><a href=\"?add-to-cart=15437\" rel=\"nofollow\" data-product_id=\"15437\" data-product_sku=\"\" class=\"button add_to_cart_button product_type_simple\">Afegeix a la cistella<\/a><\/div>\r\n\t\t\t<\/div><\/li>\n<li class=\"has-post-thumbnail product type-product post-15370 status-publish last instock product_cat-botiga taxable shipping-taxable purchasable product-type-simple\">\n\t<div class=\"item\">\t\t\t<div class=\"image\">\r\n\t\t<img width=\"360\" height=\"270\" src=\"https:\/\/i0.wp.com\/www.bardeni.es\/wp-content\/uploads\/2022\/02\/logo-bardeni1.jpg?fit=360%2C270&amp;ssl=1\" class=\"attachment-woocommerce_thumbnail size-woocommerce_thumbnail\" alt=\"\" loading=\"lazy\" srcset=\"https:\/\/i0.wp.com\/www.bardeni.es\/wp-content\/uploads\/2022\/02\/logo-bardeni1.jpg?w=950&amp;ssl=1 950w, https:\/\/i0.wp.com\/www.bardeni.es\/wp-content\/uploads\/2022\/02\/logo-bardeni1.jpg?resize=300%2C225&amp;ssl=1 300w, https:\/\/i0.wp.com\/www.bardeni.es\/wp-content\/uploads\/2022\/02\/logo-bardeni1.jpg?resize=768%2C576&amp;ssl=1 768w, https:\/\/i0.wp.com\/www.bardeni.es\/wp-content\/uploads\/2022\/02\/logo-bardeni1.jpg?resize=360%2C270&amp;ssl=1 360w, https:\/\/i0.wp.com\/www.bardeni.es\/wp-content\/uploads\/2022\/02\/logo-bardeni1.jpg?resize=600%2C450&amp;ssl=1 600w, https:\/\/i0.wp.com\/www.bardeni.es\/wp-content\/uploads\/2022\/02\/logo-bardeni1.jpg?resize=800%2C600&amp;ssl=1 800w, https:\/\/i0.wp.com\/www.bardeni.es\/wp-content\/uploads\/2022\/02\/logo-bardeni1.jpg?resize=550%2C413&amp;ssl=1 550w\" sizes=\"(max-width: 360px) 100vw, 360px\" \/><\/div><div class=\"ltx-item-descr\"><a href=\"https:\/\/www.bardeni.es\/ca\/producte\/val-import-140-euros\/\"><\/a><a href=\"?add-to-cart=15370\" rel=\"nofollow\" data-product_id=\"15370\" data-product_sku=\"\" class=\"button add_to_cart_button product_type_simple\">Afegeix a la cistella<\/a><\/div>\r\n\t\t\t<\/div><\/li>\n<\/ul>\n<\/div>[\/vc_column][\/vc_row]<\/p>\n","protected":false},"excerpt":{"rendered":"<p>[vc_row][vc_column][vc_column_text] Poden regalar Bardeni. Tenen la possibilitat de comprar un Val per un import determinat per consumir al Bardeni .\u00a0 Quan realitzin la seva compra rebran un comprovant de la mateixa i en unes 24 hores, com a m\u00e0xim, rebran un val en format pdf imprimible per poder-li entregar a la persona a qui li regalen. En aquest val apareixer\u00e0 un n\u00famero que hauran d&#8217;indicar enviant-nos un email despr\u00e9s de fer la reserva de taula a la nostra web. Si la consumici\u00f3 total \u00e9s inferior a l&#8217;import del val regal no es retornar\u00e0 la difer\u00e8ncia. S&#8217;ha de consumir en la seva totalitat. Moltes gr\u00e0cies!! El val t\u00e9 una caducitat de 90 dies a partir del dia de la compra. [\/vc_column_text][\/vc_column][\/vc_row]<\/p>\n","protected":false},"author":3,"featured_media":12285,"parent":0,"menu_order":0,"comment_status":"closed","ping_status":"closed","template":"","meta":{"spay_email":""},"yoast_head":"<!-- This site is optimized with the Yoast SEO plugin v16.7 - https:\/\/yoast.com\/wordpress\/plugins\/seo\/ -->\n<title>Val regal - Bardeni el Meatbar<\/title>\n<meta name=\"robots\" content=\"index, follow, max-snippet:-1, max-image-preview:large, max-video-preview:-1\" \/>\n<link rel=\"canonical\" href=\"https:\/\/www.bardeni.es\/ca\/val-regal\/\" \/>\n<meta property=\"og:locale\" content=\"ca_ES\" \/>\n<meta property=\"og:type\" content=\"article\" \/>\n<meta property=\"og:title\" content=\"Val regal - Bardeni el Meatbar\" \/>\n<meta property=\"og:description\" content=\"[vc_row][vc_column][vc_column_text] Poden regalar Bardeni. Tenen la possibilitat de comprar un Val per un import determinat per consumir al Bardeni .\u00a0 Quan realitzin la seva compra rebran un comprovant de la mateixa i en unes 24 hores, com a m\u00e0xim, rebran un val en format pdf imprimible per poder-li entregar a la persona a qui li regalen. En aquest val apareixer\u00e0 un n\u00famero que hauran d&#8217;indicar enviant-nos un email despr\u00e9s de fer la reserva de taula a la nostra web. Si la consumici\u00f3 total \u00e9s inferior a l&#8217;import del val regal no es retornar\u00e0 la difer\u00e8ncia. S&#8217;ha de consumir en la seva totalitat. Moltes gr\u00e0cies!! El val t\u00e9 una caducitat de 90 dies a partir del dia de la compra. [\/vc_column_text][\/vc_column][\/vc_row]\" \/>\n<meta property=\"og:url\" content=\"https:\/\/www.bardeni.es\/ca\/val-regal\/\" \/>\n<meta property=\"og:site_name\" content=\"Bardeni el Meatbar\" \/>\n<meta property=\"article:modified_time\" content=\"2023-05-31T17:44:54+00:00\" \/>\n<meta property=\"og:image\" content=\"https:\/\/www.bardeni.es\/wp-content\/uploads\/2020\/05\/collage-carta-e1592478835811.jpg\" \/>\n\t<meta property=\"og:image:width\" content=\"950\" \/>\n\t<meta property=\"og:image:height\" content=\"950\" \/>\n<meta name=\"twitter:card\" content=\"summary_large_image\" \/>\n<meta name=\"twitter:label1\" content=\"Temps estimat de lectura\" \/>\n\t<meta name=\"twitter:data1\" content=\"1 minut\" \/>\n<script type=\"application\/ld+json\" class=\"yoast-schema-graph\">{\"@context\":\"https:\/\/schema.org\",\"@graph\":[{\"@type\":\"WebSite\",\"@id\":\"https:\/\/www.bardeni.es\/ca\/#website\",\"url\":\"https:\/\/www.bardeni.es\/ca\/\",\"name\":\"Bardeni el Meatbar\",\"description\":\"Bardeni\",\"potentialAction\":[{\"@type\":\"SearchAction\",\"target\":{\"@type\":\"EntryPoint\",\"urlTemplate\":\"https:\/\/www.bardeni.es\/ca\/?s={search_term_string}\"},\"query-input\":\"required name=search_term_string\"}],\"inLanguage\":\"ca\"},{\"@type\":\"ImageObject\",\"@id\":\"https:\/\/www.bardeni.es\/ca\/val-regal\/#primaryimage\",\"inLanguage\":\"ca\",\"url\":\"https:\/\/i2.wp.com\/www.bardeni.es\/wp-content\/uploads\/2020\/05\/collage-carta-e1592478835811.jpg?fit=950%2C950&ssl=1\",\"contentUrl\":\"https:\/\/i2.wp.com\/www.bardeni.es\/wp-content\/uploads\/2020\/05\/collage-carta-e1592478835811.jpg?fit=950%2C950&ssl=1\",\"width\":950,\"height\":950},{\"@type\":\"WebPage\",\"@id\":\"https:\/\/www.bardeni.es\/ca\/val-regal\/#webpage\",\"url\":\"https:\/\/www.bardeni.es\/ca\/val-regal\/\",\"name\":\"Val regal - Bardeni el Meatbar\",\"isPartOf\":{\"@id\":\"https:\/\/www.bardeni.es\/ca\/#website\"},\"primaryImageOfPage\":{\"@id\":\"https:\/\/www.bardeni.es\/ca\/val-regal\/#primaryimage\"},\"datePublished\":\"2020-12-13T12:42:52+00:00\",\"dateModified\":\"2023-05-31T17:44:54+00:00\",\"breadcrumb\":{\"@id\":\"https:\/\/www.bardeni.es\/ca\/val-regal\/#breadcrumb\"},\"inLanguage\":\"ca\",\"potentialAction\":[{\"@type\":\"ReadAction\",\"target\":[\"https:\/\/www.bardeni.es\/ca\/val-regal\/\"]}]},{\"@type\":\"BreadcrumbList\",\"@id\":\"https:\/\/www.bardeni.es\/ca\/val-regal\/#breadcrumb\",\"itemListElement\":[{\"@type\":\"ListItem\",\"position\":1,\"name\":\"Inici\",\"item\":\"https:\/\/www.bardeni.es\/ca\/\"},{\"@type\":\"ListItem\",\"position\":2,\"name\":\"Val regal\"}]}]}<\/script>\n<!-- \/ Yoast SEO plugin. -->","yoast_head_json":{"title":"Val regal - Bardeni el Meatbar","robots":{"index":"index","follow":"follow","max-snippet":"max-snippet:-1","max-image-preview":"max-image-preview:large","max-video-preview":"max-video-preview:-1"},"canonical":"https:\/\/www.bardeni.es\/ca\/val-regal\/","og_locale":"ca_ES","og_type":"article","og_title":"Val regal - Bardeni el Meatbar","og_description":"[vc_row][vc_column][vc_column_text] Poden regalar Bardeni. Tenen la possibilitat de comprar un Val per un import determinat per consumir al Bardeni .\u00a0 Quan realitzin la seva compra rebran un comprovant de la mateixa i en unes 24 hores, com a m\u00e0xim, rebran un val en format pdf imprimible per poder-li entregar a la persona a qui li regalen. En aquest val apareixer\u00e0 un n\u00famero que hauran d&#8217;indicar enviant-nos un email despr\u00e9s de fer la reserva de taula a la nostra web. Si la consumici\u00f3 total \u00e9s inferior a l&#8217;import del val regal no es retornar\u00e0 la difer\u00e8ncia. S&#8217;ha de consumir en la seva totalitat. Moltes gr\u00e0cies!! El val t\u00e9 una caducitat de 90 dies a partir del dia de la compra. [\/vc_column_text][\/vc_column][\/vc_row]","og_url":"https:\/\/www.bardeni.es\/ca\/val-regal\/","og_site_name":"Bardeni el Meatbar","article_modified_time":"2023-05-31T17:44:54+00:00","og_image":[{"width":950,"height":950,"url":"https:\/\/www.bardeni.es\/wp-content\/uploads\/2020\/05\/collage-carta-e1592478835811.jpg","path":"\/var\/www\/bardeni.es\/public_html\/wp-content\/uploads\/2020\/05\/collage-carta-e1592478835811.jpg","size":"full","id":12285,"alt":"","pixels":902500,"type":"image\/jpeg"}],"twitter_card":"summary_large_image","twitter_misc":{"Temps estimat de lectura":"1 minut"},"schema":{"@context":"https:\/\/schema.org","@graph":[{"@type":"WebSite","@id":"https:\/\/www.bardeni.es\/ca\/#website","url":"https:\/\/www.bardeni.es\/ca\/","name":"Bardeni el Meatbar","description":"Bardeni","potentialAction":[{"@type":"SearchAction","target":{"@type":"EntryPoint","urlTemplate":"https:\/\/www.bardeni.es\/ca\/?s={search_term_string}"},"query-input":"required name=search_term_string"}],"inLanguage":"ca"},{"@type":"ImageObject","@id":"https:\/\/www.bardeni.es\/ca\/val-regal\/#primaryimage","inLanguage":"ca","url":"https:\/\/i2.wp.com\/www.bardeni.es\/wp-content\/uploads\/2020\/05\/collage-carta-e1592478835811.jpg?fit=950%2C950&ssl=1","contentUrl":"https:\/\/i2.wp.com\/www.bardeni.es\/wp-content\/uploads\/2020\/05\/collage-carta-e1592478835811.jpg?fit=950%2C950&ssl=1","width":950,"height":950},{"@type":"WebPage","@id":"https:\/\/www.bardeni.es\/ca\/val-regal\/#webpage","url":"https:\/\/www.bardeni.es\/ca\/val-regal\/","name":"Val regal - Bardeni el Meatbar","isPartOf":{"@id":"https:\/\/www.bardeni.es\/ca\/#website"},"primaryImageOfPage":{"@id":"https:\/\/www.bardeni.es\/ca\/val-regal\/#primaryimage"},"datePublished":"2020-12-13T12:42:52+00:00","dateModified":"2023-05-31T17:44:54+00:00","breadcrumb":{"@id":"https:\/\/www.bardeni.es\/ca\/val-regal\/#breadcrumb"},"inLanguage":"ca","potentialAction":[{"@type":"ReadAction","target":["https:\/\/www.bardeni.es\/ca\/val-regal\/"]}]},{"@type":"BreadcrumbList","@id":"https:\/\/www.bardeni.es\/ca\/val-regal\/#breadcrumb","itemListElement":[{"@type":"ListItem","position":1,"name":"Inici","item":"https:\/\/www.bardeni.es\/ca\/"},{"@type":"ListItem","position":2,"name":"Val regal"}]}]}},"_links":{"self":[{"href":"https:\/\/www.bardeni.es\/ca\/wp-json\/wp\/v2\/pages\/15183"}],"collection":[{"href":"https:\/\/www.bardeni.es\/ca\/wp-json\/wp\/v2\/pages"}],"about":[{"href":"https:\/\/www.bardeni.es\/ca\/wp-json\/wp\/v2\/types\/page"}],"author":[{"embeddable":true,"href":"https:\/\/www.bardeni.es\/ca\/wp-json\/wp\/v2\/users\/3"}],"replies":[{"embeddable":true,"href":"https:\/\/www.bardeni.es\/ca\/wp-json\/wp\/v2\/comments?post=15183"}],"version-history":[{"count":13,"href":"https:\/\/www.bardeni.es\/ca\/wp-json\/wp\/v2\/pages\/15183\/revisions"}],"predecessor-version":[{"id":17728,"href":"https:\/\/www.bardeni.es\/ca\/wp-json\/wp\/v2\/pages\/15183\/revisions\/17728"}],"wp:featuredmedia":[{"embeddable":true,"href":"https:\/\/www.bardeni.es\/ca\/wp-json\/wp\/v2\/media\/12285"}],"wp:attachment":[{"href":"https:\/\/www.bardeni.es\/ca\/wp-json\/wp\/v2\/media?parent=15183"}],"curies":[{"name":"wp","href":"https:\/\/api.w.org\/{rel}","templated":true}]}}