{"id":14193,"date":"2020-09-04T00:09:24","date_gmt":"2020-09-03T22:09:24","guid":{"rendered":"https:\/\/www.bardeni.es\/?page_id=14193"},"modified":"2026-03-10T09:23:12","modified_gmt":"2026-03-10T08:23:12","slug":"reserves","status":"publish","type":"page","link":"https:\/\/www.bardeni.es\/ca\/reserves\/","title":{"rendered":"Reserves"},"content":{"rendered":"<p>[vc_row][vc_column][vc_column_text]<\/p>\n<h3><strong><span style=\"color: #ff0000;\">INFORMACI\u00d3 IMPORTANT ABANS DE RESERVAR<\/span><\/strong><\/h3>\n<p><strong>Condicions de reserva<\/strong><\/p>\n<ul>\n<li>Les reserves es faran <strong>nom\u00e9s online <\/strong>(amb targeta de cr\u00e8dit com a garantia), no s&#8217;acceptaran via email.<\/li>\n<li>El dia de reserva es pot triar amb un <strong>m\u00e0xim de 30 dies d&#8217;antelaci\u00f3<\/strong>. Cada dia s&#8217;obre un dia nou.<\/li>\n<li>Totes les nostres places s\u00f3n a l&#8217;interior.\u00a0 <strong>No disposem de terrassa<\/strong>.<\/li>\n<li><strong>Per especificar algun Comentari Important<\/strong> preguem ens envi\u00efn un email a <a href=\"mailto:info@caldeni.com\">info@caldeni.com<\/a> especificant-ho, ja que no tenim tel\u00e8fon. Com per exemple: Si venen en <em>cadira de rodes<\/em>. Si tenen algun <em>val regal <\/em>i han d&#8217;especificar la seva numeraci\u00f3.<\/li>\n<li><strong>Les nostres taules s\u00f3n m\u00e0xim per 4 persones, ja que Bardeni no \u00e9s un lloc per venir en grup per raons de servei. <\/strong>No fem cap tipus de grup (m\u00e9s de 4 persones) ni en una taula ni repartits en varies taules. <strong>(Ja que les persones en grup incomoden i afecten l&#8217;ambient, la tranquil.litat i el servei de la resta de comensals.) <\/strong>No facin varies reserves amb la intenci\u00f3 de venir junts, ens reservem el dret de poder-les cancel.lar i aplicar la pol\u00edtica de cancel.laci\u00f3 si \u00e9s necessari.<\/li>\n<li>Per consideraci\u00f3 amb la resta de comensals <strong>requerim que els nens que vinguin al Bardeni siguin majors de 8 anys.<\/strong> Per les dimensions de la sala i la separaci\u00f3 entre taules, <strong>no tenim espai per cotxets de nad\u00f3<\/strong>.<\/li>\n<li>La nostra oferta \u00e9s a la carta. LA COMANDA M\u00cdNIMA \u00e9s de 2 plats per persona (postre no incl\u00f2s)<\/li>\n<li>No acceptem mascotes.<\/li>\n<li>No disposem de servei de sobretaula (ni licors ni destil.lats).<\/li>\n<li>Passats 15 minuts de cortesia la seva reserva quedaria anul.lada. Si es retarda preguem ens ho comuniqui via email.<\/li>\n<li><strong>Cal introduir la targeta de cr\u00e8dit\/d\u00e8bit com a garantia per validar la reserva<\/strong>. No se li far\u00e0 cap c\u00e0rrec inicialment. La reserva est\u00e0 subjecta a pol\u00edtica de cancel.laci\u00f3. En alguns serveis es realitzar\u00e0 per part del banc una verificaci\u00f3 de la targeta 48h abans de la reserva. Si es detecta que no hi ha saldo ens reservem el dret de cancel.lar la reserva.<\/li>\n<li><strong><span style=\"color: #ff0000;\">IMPORTANT<\/span>: <span style=\"color: #ff0000;\">Un cop introdu\u00efda la targeta de cr\u00e8dit, NO TANQUI LA FINESTRA DE LA WEB DEL BARDENI, vagi a la finestra del seu banc per confirmar l&#8217;operaci\u00f3 (si \u00e9s necessari) i TORNI A LA P\u00c0GINA OBERTA A ON ESTAVA FENT LA RESERVA, PERQUE QUEDI FINALITZADA. En cap cas obri una finestra nova perque haur\u00e0 de comen\u00e7ar de nou.<\/span>\u00a0Autom\u00e0ticament rebran <\/strong><strong>l&#8217;email de confirmaci\u00f3 de la reserva<\/strong>. Si no reban l&#8217;email \u00e9s que no han introduit correctament la targeta.<\/li>\n<li>Moltes gr\u00e0cies per la seva col.laboraci\u00f3<\/li>\n<\/ul>\n<p>&nbsp;<\/p>\n<p style=\"text-align: center;\"><strong>Horari de cuina<\/strong><strong><br \/>\n(recepci\u00f3 de clients)<\/strong><br \/>\nDilluns a Dissabte<br \/>\n13:15 a 14:30<br \/>\nDijous i Divendres<br \/>\n20:00 a 21:30<\/p>\n<p style=\"text-align: center;\"><strong>Hora m\u00e0xima de tancament del local i del servei<\/strong><br \/>\ndinar 16:00<br \/>\nsopar 23:00<br \/>\n(No disposem de servei de sobretaula, ni licors ni destil.lats)<\/p>\n<p>[\/vc_column_text][vc_empty_space]<div class=\"btn-wrap align-center\">\n\t<a href=\"https:\/\/www.bardeni.es\/ca\/fer-reserva\/\"  class=\"btn  btn-main color-hover-black align-center\" id=\"like_sc_button_866597437\">ACCEPTAR CONDICIONS i RESERVAR<\/a><\/div>[vc_empty_space][vc_empty_space][vc_toggle title=&#8221;Pol\u00edtica de cancel.laci\u00f3&#8221; style=&#8221;round&#8221; color=&#8221;juicy_pink&#8221; custom_font_container=&#8221;tag:h2|font_size:16|text_align:left&#8221; custom_google_fonts=&#8221;font_family:Open%20Sans%3A300%2C300italic%2Cregular%2Citalic%2C600%2C600italic%2C700%2C700italic%2C800%2C800italic|font_style:400%20regular%3A400%3Anormal&#8221; use_custom_heading=&#8221;true&#8221;]<u>Aquest reserva porta associada una pol\u00edtica de cancel\u00b7laci\u00f3<\/u>. En cas de cancel.lar o modificar aquesta reserva a menys de 6 hores de la seva reserva se li cobrar\u00e0 l&#8217;import de 10\u20ac per comensal. Si es presenten m\u00e9s persones (i no hi ha capacitat) o menys persones de les reservades, o amb un cotxet de beb\u00e9, o amb un nen menor de 8 anys, o no es presentan (No Show) o cancel.len amb menys d&#8217;una hora d&#8217;antelaci\u00f3 o arriban 15 minuts m\u00e9s tard de la seva hora sense avisar via email o fora de l&#8217;horari de cuina, se li cobraran 30\u20ac per comensal.[\/vc_toggle][\/vc_column][\/vc_row][vc_row][vc_column][vc_message style=&#8221;square&#8221; message_box_color=&#8221;white&#8221; icon_fontawesome=&#8221;fas fa-subway&#8221;]Metro: l\u00ednia 2 i l\u00ednia 5 estaci\u00f3 Sagrada Fam\u00edlia[\/vc_message][vc_message style=&#8221;square&#8221; message_box_color=&#8221;white&#8221; icon_fontawesome=&#8221;fas fa-bus&#8221;]Bus: l\u00ednia 33, 34, D50 i H10 parada Val\u00e8ncia-Lepant[\/vc_message][vc_message style=&#8221;square&#8221; message_box_color=&#8221;white&#8221; icon_fontawesome=&#8221;fas fa-car&#8221;]Possibles Aparcaments:<br \/>\nParking Manhattan &#8211; c\/ Arag\u00f3 425<br \/>\nParking Toyota &#8211; c\/ Arag\u00f3 465-473<br \/>\nParking BSM Mercat Sagrada Familia &#8211; c\/ Mallorca 425<br \/>\nParking Bond &#8211; c\/ Mallorca 423<br \/>\nParking Sagrada Familia &#8211; Pl. Sagrada Familia 9[\/vc_message][vc_empty_space][\/vc_column][\/vc_row]<\/p>\n","protected":false},"excerpt":{"rendered":"<p>[vc_row][vc_column][vc_column_text] INFORMACI\u00d3 IMPORTANT ABANS DE RESERVAR Condicions de reserva Les reserves es faran nom\u00e9s online (amb targeta de cr\u00e8dit com a garantia), no s&#8217;acceptaran via email. El dia de reserva es pot triar amb un m\u00e0xim de 30 dies d&#8217;antelaci\u00f3. Cada dia s&#8217;obre un dia nou. Totes les nostres places s\u00f3n a l&#8217;interior.\u00a0 No disposem de terrassa. Per especificar algun Comentari Important preguem ens envi\u00efn un email a info@caldeni.com especificant-ho, ja que no tenim tel\u00e8fon. Com per exemple: Si venen en cadira de rodes. Si tenen algun val regal i han d&#8217;especificar la seva numeraci\u00f3. Les nostres taules s\u00f3n m\u00e0xim per 4 persones, ja que Bardeni no \u00e9s un lloc per venir en grup per raons de servei. No fem cap tipus de grup (m\u00e9s de 4 persones) ni en una taula ni repartits en varies taules. (Ja que les [&hellip;]<\/p>\n","protected":false},"author":3,"featured_media":17661,"parent":0,"menu_order":0,"comment_status":"closed","ping_status":"closed","template":"","meta":{"spay_email":""},"yoast_head":"<!-- This site is optimized with the Yoast SEO plugin v16.7 - https:\/\/yoast.com\/wordpress\/plugins\/seo\/ -->\n<title>Reserves - Bardeni el Meatbar<\/title>\n<meta name=\"robots\" content=\"index, follow, max-snippet:-1, max-image-preview:large, max-video-preview:-1\" \/>\n<link rel=\"canonical\" href=\"https:\/\/www.bardeni.es\/ca\/reserves\/\" \/>\n<meta property=\"og:locale\" content=\"ca_ES\" \/>\n<meta property=\"og:type\" content=\"article\" \/>\n<meta property=\"og:title\" content=\"Reserves - Bardeni el Meatbar\" \/>\n<meta property=\"og:description\" content=\"[vc_row][vc_column][vc_column_text] INFORMACI\u00d3 IMPORTANT ABANS DE RESERVAR Condicions de reserva Les reserves es faran nom\u00e9s online (amb targeta de cr\u00e8dit com a garantia), no s&#8217;acceptaran via email. El dia de reserva es pot triar amb un m\u00e0xim de 30 dies d&#8217;antelaci\u00f3. Cada dia s&#8217;obre un dia nou. Totes les nostres places s\u00f3n a l&#8217;interior.\u00a0 No disposem de terrassa. Per especificar algun Comentari Important preguem ens envi\u00efn un email a info@caldeni.com especificant-ho, ja que no tenim tel\u00e8fon. Com per exemple: Si venen en cadira de rodes. Si tenen algun val regal i han d&#8217;especificar la seva numeraci\u00f3. Les nostres taules s\u00f3n m\u00e0xim per 4 persones, ja que Bardeni no \u00e9s un lloc per venir en grup per raons de servei. No fem cap tipus de grup (m\u00e9s de 4 persones) ni en una taula ni repartits en varies taules. (Ja que les [&hellip;]\" \/>\n<meta property=\"og:url\" content=\"https:\/\/www.bardeni.es\/ca\/reserves\/\" \/>\n<meta property=\"og:site_name\" content=\"Bardeni el Meatbar\" \/>\n<meta property=\"article:modified_time\" content=\"2026-03-10T08:23:12+00:00\" \/>\n<meta property=\"og:image\" content=\"https:\/\/www.bardeni.es\/wp-content\/uploads\/2023\/05\/SALA-CD.jpg\" \/>\n\t<meta property=\"og:image:width\" content=\"950\" \/>\n\t<meta property=\"og:image:height\" content=\"713\" \/>\n<meta name=\"twitter:card\" content=\"summary_large_image\" \/>\n<meta name=\"twitter:label1\" content=\"Temps estimat de lectura\" \/>\n\t<meta name=\"twitter:data1\" content=\"3 minuts\" \/>\n<script type=\"application\/ld+json\" class=\"yoast-schema-graph\">{\"@context\":\"https:\/\/schema.org\",\"@graph\":[{\"@type\":\"WebSite\",\"@id\":\"https:\/\/www.bardeni.es\/ca\/#website\",\"url\":\"https:\/\/www.bardeni.es\/ca\/\",\"name\":\"Bardeni el Meatbar\",\"description\":\"Bardeni\",\"potentialAction\":[{\"@type\":\"SearchAction\",\"target\":{\"@type\":\"EntryPoint\",\"urlTemplate\":\"https:\/\/www.bardeni.es\/ca\/?s={search_term_string}\"},\"query-input\":\"required name=search_term_string\"}],\"inLanguage\":\"ca\"},{\"@type\":\"ImageObject\",\"@id\":\"https:\/\/www.bardeni.es\/ca\/reserves\/#primaryimage\",\"inLanguage\":\"ca\",\"url\":\"https:\/\/i0.wp.com\/www.bardeni.es\/wp-content\/uploads\/2023\/05\/SALA-CD.jpg?fit=950%2C713&ssl=1\",\"contentUrl\":\"https:\/\/i0.wp.com\/www.bardeni.es\/wp-content\/uploads\/2023\/05\/SALA-CD.jpg?fit=950%2C713&ssl=1\",\"width\":950,\"height\":713},{\"@type\":\"WebPage\",\"@id\":\"https:\/\/www.bardeni.es\/ca\/reserves\/#webpage\",\"url\":\"https:\/\/www.bardeni.es\/ca\/reserves\/\",\"name\":\"Reserves - Bardeni el Meatbar\",\"isPartOf\":{\"@id\":\"https:\/\/www.bardeni.es\/ca\/#website\"},\"primaryImageOfPage\":{\"@id\":\"https:\/\/www.bardeni.es\/ca\/reserves\/#primaryimage\"},\"datePublished\":\"2020-09-03T22:09:24+00:00\",\"dateModified\":\"2026-03-10T08:23:12+00:00\",\"breadcrumb\":{\"@id\":\"https:\/\/www.bardeni.es\/ca\/reserves\/#breadcrumb\"},\"inLanguage\":\"ca\",\"potentialAction\":[{\"@type\":\"ReadAction\",\"target\":[\"https:\/\/www.bardeni.es\/ca\/reserves\/\"]}]},{\"@type\":\"BreadcrumbList\",\"@id\":\"https:\/\/www.bardeni.es\/ca\/reserves\/#breadcrumb\",\"itemListElement\":[{\"@type\":\"ListItem\",\"position\":1,\"name\":\"Inici\",\"item\":\"https:\/\/www.bardeni.es\/ca\/\"},{\"@type\":\"ListItem\",\"position\":2,\"name\":\"Reserves\"}]}]}<\/script>\n<!-- \/ Yoast SEO plugin. -->","yoast_head_json":{"title":"Reserves - Bardeni el Meatbar","robots":{"index":"index","follow":"follow","max-snippet":"max-snippet:-1","max-image-preview":"max-image-preview:large","max-video-preview":"max-video-preview:-1"},"canonical":"https:\/\/www.bardeni.es\/ca\/reserves\/","og_locale":"ca_ES","og_type":"article","og_title":"Reserves - Bardeni el Meatbar","og_description":"[vc_row][vc_column][vc_column_text] INFORMACI\u00d3 IMPORTANT ABANS DE RESERVAR Condicions de reserva Les reserves es faran nom\u00e9s online (amb targeta de cr\u00e8dit com a garantia), no s&#8217;acceptaran via email. El dia de reserva es pot triar amb un m\u00e0xim de 30 dies d&#8217;antelaci\u00f3. Cada dia s&#8217;obre un dia nou. Totes les nostres places s\u00f3n a l&#8217;interior.\u00a0 No disposem de terrassa. Per especificar algun Comentari Important preguem ens envi\u00efn un email a info@caldeni.com especificant-ho, ja que no tenim tel\u00e8fon. Com per exemple: Si venen en cadira de rodes. Si tenen algun val regal i han d&#8217;especificar la seva numeraci\u00f3. Les nostres taules s\u00f3n m\u00e0xim per 4 persones, ja que Bardeni no \u00e9s un lloc per venir en grup per raons de servei. No fem cap tipus de grup (m\u00e9s de 4 persones) ni en una taula ni repartits en varies taules. (Ja que les [&hellip;]","og_url":"https:\/\/www.bardeni.es\/ca\/reserves\/","og_site_name":"Bardeni el Meatbar","article_modified_time":"2026-03-10T08:23:12+00:00","og_image":[{"width":950,"height":713,"url":"https:\/\/www.bardeni.es\/wp-content\/uploads\/2023\/05\/SALA-CD.jpg","path":"\/var\/www\/bardeni.es\/public_html\/wp-content\/uploads\/2023\/05\/SALA-CD.jpg","size":"full","id":17661,"alt":"","pixels":677350,"type":"image\/jpeg"}],"twitter_card":"summary_large_image","twitter_misc":{"Temps estimat de lectura":"3 minuts"},"schema":{"@context":"https:\/\/schema.org","@graph":[{"@type":"WebSite","@id":"https:\/\/www.bardeni.es\/ca\/#website","url":"https:\/\/www.bardeni.es\/ca\/","name":"Bardeni el Meatbar","description":"Bardeni","potentialAction":[{"@type":"SearchAction","target":{"@type":"EntryPoint","urlTemplate":"https:\/\/www.bardeni.es\/ca\/?s={search_term_string}"},"query-input":"required name=search_term_string"}],"inLanguage":"ca"},{"@type":"ImageObject","@id":"https:\/\/www.bardeni.es\/ca\/reserves\/#primaryimage","inLanguage":"ca","url":"https:\/\/i0.wp.com\/www.bardeni.es\/wp-content\/uploads\/2023\/05\/SALA-CD.jpg?fit=950%2C713&ssl=1","contentUrl":"https:\/\/i0.wp.com\/www.bardeni.es\/wp-content\/uploads\/2023\/05\/SALA-CD.jpg?fit=950%2C713&ssl=1","width":950,"height":713},{"@type":"WebPage","@id":"https:\/\/www.bardeni.es\/ca\/reserves\/#webpage","url":"https:\/\/www.bardeni.es\/ca\/reserves\/","name":"Reserves - Bardeni el Meatbar","isPartOf":{"@id":"https:\/\/www.bardeni.es\/ca\/#website"},"primaryImageOfPage":{"@id":"https:\/\/www.bardeni.es\/ca\/reserves\/#primaryimage"},"datePublished":"2020-09-03T22:09:24+00:00","dateModified":"2026-03-10T08:23:12+00:00","breadcrumb":{"@id":"https:\/\/www.bardeni.es\/ca\/reserves\/#breadcrumb"},"inLanguage":"ca","potentialAction":[{"@type":"ReadAction","target":["https:\/\/www.bardeni.es\/ca\/reserves\/"]}]},{"@type":"BreadcrumbList","@id":"https:\/\/www.bardeni.es\/ca\/reserves\/#breadcrumb","itemListElement":[{"@type":"ListItem","position":1,"name":"Inici","item":"https:\/\/www.bardeni.es\/ca\/"},{"@type":"ListItem","position":2,"name":"Reserves"}]}]}},"_links":{"self":[{"href":"https:\/\/www.bardeni.es\/ca\/wp-json\/wp\/v2\/pages\/14193"}],"collection":[{"href":"https:\/\/www.bardeni.es\/ca\/wp-json\/wp\/v2\/pages"}],"about":[{"href":"https:\/\/www.bardeni.es\/ca\/wp-json\/wp\/v2\/types\/page"}],"author":[{"embeddable":true,"href":"https:\/\/www.bardeni.es\/ca\/wp-json\/wp\/v2\/users\/3"}],"replies":[{"embeddable":true,"href":"https:\/\/www.bardeni.es\/ca\/wp-json\/wp\/v2\/comments?post=14193"}],"version-history":[{"count":289,"href":"https:\/\/www.bardeni.es\/ca\/wp-json\/wp\/v2\/pages\/14193\/revisions"}],"predecessor-version":[{"id":19035,"href":"https:\/\/www.bardeni.es\/ca\/wp-json\/wp\/v2\/pages\/14193\/revisions\/19035"}],"wp:featuredmedia":[{"embeddable":true,"href":"https:\/\/www.bardeni.es\/ca\/wp-json\/wp\/v2\/media\/17661"}],"wp:attachment":[{"href":"https:\/\/www.bardeni.es\/ca\/wp-json\/wp\/v2\/media?parent=14193"}],"curies":[{"name":"wp","href":"https:\/\/api.w.org\/{rel}","templated":true}]}}