{"id":13687,"date":"2020-06-12T16:13:45","date_gmt":"2020-06-12T16:13:45","guid":{"rendered":"https:\/\/www.bardeni.es\/?page_id=13687"},"modified":"2020-06-15T21:21:38","modified_gmt":"2020-06-15T21:21:38","slug":"termes-i-condicions","status":"publish","type":"page","link":"https:\/\/www.bardeni.es\/ca\/termes-i-condicions\/","title":{"rendered":"Termes i condicions"},"content":{"rendered":"<p><strong>CONDICIONS D\u2019\u00daS<\/strong><\/p>\n<p>L\u2019acc\u00e9s i \u00fas de la p\u00e0gina web www.bardeni.es (el &#8220;lloc web&#8221;) atorga la condici\u00f3 d&#8217;usuari al visitant del lloc web i implica l&#8217;acceptaci\u00f3 plena d&#8217;aquestes condicions d&#8217;\u00fas.<\/p>\n<p><strong>PROPIETAT INTEL\u00b7LECTUAL I INDUSTRIAL<\/strong><\/p>\n<p>El lloc web i els seus continguts, incloent-hi dissenys, textos, els gr\u00e0fics, logotips, icones, botons, aix\u00ed com el programari, noms comercials, marques, obres, il\u00b7lustracions, fotografies o dibuixos industrials i qualsevol altre signe susceptible d&#8217;utilitzaci\u00f3 industrial i comercial s\u00f3n titularitat de \u00a0CALDENI, SL, (BARDENI) c\/ Val\u00e8ncia 452, baixos, 08013 Barcelona, CIF: B63899462 i estan protegits per la legislaci\u00f3 nacional i internacional sobre propietat intel\u00b7lectual i industrial.<\/p>\n<p>En cap cas BARDENI no podr\u00e0 concedir cap llic\u00e8ncia ni fer ren\u00fancia, transmissi\u00f3, cessi\u00f3 total o parcial d&#8217;aquests drets ni conferir cap dret o expectativa de dret, i en particular, d&#8217;alteraci\u00f3, transformaci\u00f3, explotaci\u00f3, reproducci\u00f3, distribuci\u00f3 o comunicaci\u00f3 p\u00fablica sobre aquests continguts sense la pr\u00e8via autoritzaci\u00f3 expressa i per escrit de BARDENI o dels titulars corresponents.<\/p>\n<p>L&#8217;usuari nom\u00e9s podr\u00e0 utilitzar el lloc web i els seus continguts per al seu \u00fas personal i privat.<\/p>\n<p><strong>OBLIGACIONS DELS USUARIS<\/strong><\/p>\n<p>Amb car\u00e0cter general, els usuaris han d&#8217;actuar sempre d&#8217;acord amb la llei, els bons costums i els requisits de bona fe, utilitzant la deguda dilig\u00e8ncia i abstenint-se d&#8217;utilitzar el lloc web de qualsevol manera que pugui impedir, danyar o deteriorar el normal funcionament del lloc web, els b\u00e9ns o drets de BARDENI, els seus prove\u00efdors, altres usuaris o en general qualsevol tercer.<\/p>\n<p>L&#8217;usuari est\u00e0 obligat a:<\/p>\n<ol>\n<li>L&#8217;usuari que accedeixi per utilitzar el servei de compra en l\u00ednia ha de ser major d&#8217;edat a Espanya (18 anys)<\/li>\n<li>Les dades proporcionades en els formularis han de ser reals. No utilitzi identitats falses, ni suplanti les identitats d&#8217;altres persones en l&#8217;\u00fas del lloc web.<\/li>\n<li>No introduir, emmagatzemar o difondre\u00a0 des del lloc web qualsevol informaci\u00f3 o material que sigui difamatori, obsc\u00e8, amena\u00e7ador, xen\u00f2fob, inciti a la viol\u00e8ncia, a la discriminaci\u00f3 per la ra\u00e7a, el sexe, la ideologia, la religi\u00f3 o que de qualsevol manera atemptin contra la moral, l&#8217;ordre p\u00fablic, els drets fonamentals, les llibertats p\u00fabliques, l&#8217;honor, la intimitat o la imatge de tercers i, en general, la normativa vigent.<\/li>\n<li>No introduir, emmagatzemar o difondre a trav\u00e9s del web qualsevol programa, dades, virus, codi, o qualsevol altre dispositiu electr\u00f2nic o f\u00edsic que sigui susceptible de causar danys al lloc web.<\/li>\n<li>No utilitzar el contingut del lloc web amb finalitats publicit\u00e0ries sense autoritzaci\u00f3 expresa de BARDENI.<\/li>\n<li>No destruir, alterar, utilitzar, deshabilitar o danyar les dades, informacions, programes o documents electr\u00f2nics de BARDENI, dels nostres prove\u00efdors o tercers.<\/li>\n<\/ol>\n<p><strong>ENLLA\u00c7OS A LLOCS WEB DE TERCERS<\/strong><\/p>\n<p>L&#8217;exist\u00e8ncia d&#8217;enlla\u00e7os en llocs web de tercers aliens a la nostra web no implica l&#8217;exist\u00e8ncia d&#8217;una relaci\u00f3 comercial o mercantil amb aquests tercers, ni l&#8217;acceptaci\u00f3 per part de BARDENI dels seus continguts o serveis.<\/p>\n<p>BARDENI no es responsabilitza de l&#8217;\u00fas o contingut de llocs web de tercers que enllacin amb el nostre lloc web.<\/p>\n<p><strong>LLEI APLICABLE I JURISDICCI\u00d3 COMPETENT<\/strong><\/p>\n<p>Les condicions d&#8217;\u00fas del lloc web estan sotmeses a la legislaci\u00f3 Espanyola vigent.<\/p>\n<p>Per a qualsevol dubte o aclariment en l&#8217;\u00fas de la nostra web pot escriure&#8217;ns un correu electr\u00f2nic a <a href=\"mailto:info@caldeni.com\">info@caldeni.com<\/a><\/p>\n<p>Versi\u00f3 11 de juny de 2020<\/p>\n","protected":false},"excerpt":{"rendered":"<p>CONDICIONS D\u2019\u00daS L\u2019acc\u00e9s i \u00fas de la p\u00e0gina web www.bardeni.es (el &#8220;lloc web&#8221;) atorga la condici\u00f3 d&#8217;usuari al visitant del lloc web i implica l&#8217;acceptaci\u00f3 plena d&#8217;aquestes condicions d&#8217;\u00fas. PROPIETAT INTEL\u00b7LECTUAL I INDUSTRIAL El lloc web i els seus continguts, incloent-hi dissenys, textos, els gr\u00e0fics, logotips, icones, botons, aix\u00ed com el programari, noms comercials, marques, obres, il\u00b7lustracions, fotografies o dibuixos industrials i qualsevol altre signe susceptible d&#8217;utilitzaci\u00f3 industrial i comercial s\u00f3n titularitat de \u00a0CALDENI, SL, (BARDENI) c\/ Val\u00e8ncia 452, baixos, 08013 Barcelona, CIF: B63899462 i estan protegits per la legislaci\u00f3 nacional i internacional sobre propietat intel\u00b7lectual i industrial. En cap cas BARDENI no podr\u00e0 concedir cap llic\u00e8ncia ni fer ren\u00fancia, transmissi\u00f3, cessi\u00f3 total o parcial d&#8217;aquests drets ni conferir cap dret o expectativa de dret, i en particular, d&#8217;alteraci\u00f3, transformaci\u00f3, explotaci\u00f3, reproducci\u00f3, distribuci\u00f3 o comunicaci\u00f3 p\u00fablica sobre aquests continguts sense [&hellip;]<\/p>\n","protected":false},"author":1,"featured_media":0,"parent":0,"menu_order":0,"comment_status":"closed","ping_status":"closed","template":"","meta":{"spay_email":""},"yoast_head":"<!-- This site is optimized with the Yoast SEO plugin v16.7 - https:\/\/yoast.com\/wordpress\/plugins\/seo\/ -->\n<title>Termes i condicions - Bardeni el Meatbar<\/title>\n<meta name=\"robots\" content=\"index, follow, max-snippet:-1, max-image-preview:large, max-video-preview:-1\" \/>\n<link rel=\"canonical\" href=\"https:\/\/www.bardeni.es\/ca\/termes-i-condicions\/\" \/>\n<meta property=\"og:locale\" content=\"ca_ES\" \/>\n<meta property=\"og:type\" content=\"article\" \/>\n<meta property=\"og:title\" content=\"Termes i condicions - Bardeni el Meatbar\" \/>\n<meta property=\"og:description\" content=\"CONDICIONS D\u2019\u00daS L\u2019acc\u00e9s i \u00fas de la p\u00e0gina web www.bardeni.es (el &#8220;lloc web&#8221;) atorga la condici\u00f3 d&#8217;usuari al visitant del lloc web i implica l&#8217;acceptaci\u00f3 plena d&#8217;aquestes condicions d&#8217;\u00fas. PROPIETAT INTEL\u00b7LECTUAL I INDUSTRIAL El lloc web i els seus continguts, incloent-hi dissenys, textos, els gr\u00e0fics, logotips, icones, botons, aix\u00ed com el programari, noms comercials, marques, obres, il\u00b7lustracions, fotografies o dibuixos industrials i qualsevol altre signe susceptible d&#8217;utilitzaci\u00f3 industrial i comercial s\u00f3n titularitat de \u00a0CALDENI, SL, (BARDENI) c\/ Val\u00e8ncia 452, baixos, 08013 Barcelona, CIF: B63899462 i estan protegits per la legislaci\u00f3 nacional i internacional sobre propietat intel\u00b7lectual i industrial. En cap cas BARDENI no podr\u00e0 concedir cap llic\u00e8ncia ni fer ren\u00fancia, transmissi\u00f3, cessi\u00f3 total o parcial d&#8217;aquests drets ni conferir cap dret o expectativa de dret, i en particular, d&#8217;alteraci\u00f3, transformaci\u00f3, explotaci\u00f3, reproducci\u00f3, distribuci\u00f3 o comunicaci\u00f3 p\u00fablica sobre aquests continguts sense [&hellip;]\" \/>\n<meta property=\"og:url\" content=\"https:\/\/www.bardeni.es\/ca\/termes-i-condicions\/\" \/>\n<meta property=\"og:site_name\" content=\"Bardeni el Meatbar\" \/>\n<meta property=\"article:modified_time\" content=\"2020-06-15T21:21:38+00:00\" \/>\n<meta name=\"twitter:card\" content=\"summary_large_image\" \/>\n<meta name=\"twitter:label1\" content=\"Temps estimat de lectura\" \/>\n\t<meta name=\"twitter:data1\" content=\"3 minuts\" \/>\n<script type=\"application\/ld+json\" class=\"yoast-schema-graph\">{\"@context\":\"https:\/\/schema.org\",\"@graph\":[{\"@type\":\"WebSite\",\"@id\":\"https:\/\/www.bardeni.es\/ca\/#website\",\"url\":\"https:\/\/www.bardeni.es\/ca\/\",\"name\":\"Bardeni el Meatbar\",\"description\":\"Bardeni\",\"potentialAction\":[{\"@type\":\"SearchAction\",\"target\":{\"@type\":\"EntryPoint\",\"urlTemplate\":\"https:\/\/www.bardeni.es\/ca\/?s={search_term_string}\"},\"query-input\":\"required name=search_term_string\"}],\"inLanguage\":\"ca\"},{\"@type\":\"WebPage\",\"@id\":\"https:\/\/www.bardeni.es\/ca\/termes-i-condicions\/#webpage\",\"url\":\"https:\/\/www.bardeni.es\/ca\/termes-i-condicions\/\",\"name\":\"Termes i condicions - Bardeni el Meatbar\",\"isPartOf\":{\"@id\":\"https:\/\/www.bardeni.es\/ca\/#website\"},\"datePublished\":\"2020-06-12T16:13:45+00:00\",\"dateModified\":\"2020-06-15T21:21:38+00:00\",\"breadcrumb\":{\"@id\":\"https:\/\/www.bardeni.es\/ca\/termes-i-condicions\/#breadcrumb\"},\"inLanguage\":\"ca\",\"potentialAction\":[{\"@type\":\"ReadAction\",\"target\":[\"https:\/\/www.bardeni.es\/ca\/termes-i-condicions\/\"]}]},{\"@type\":\"BreadcrumbList\",\"@id\":\"https:\/\/www.bardeni.es\/ca\/termes-i-condicions\/#breadcrumb\",\"itemListElement\":[{\"@type\":\"ListItem\",\"position\":1,\"name\":\"Inici\",\"item\":\"https:\/\/www.bardeni.es\/ca\/\"},{\"@type\":\"ListItem\",\"position\":2,\"name\":\"Termes i condicions\"}]}]}<\/script>\n<!-- \/ Yoast SEO plugin. -->","yoast_head_json":{"title":"Termes i condicions - Bardeni el Meatbar","robots":{"index":"index","follow":"follow","max-snippet":"max-snippet:-1","max-image-preview":"max-image-preview:large","max-video-preview":"max-video-preview:-1"},"canonical":"https:\/\/www.bardeni.es\/ca\/termes-i-condicions\/","og_locale":"ca_ES","og_type":"article","og_title":"Termes i condicions - Bardeni el Meatbar","og_description":"CONDICIONS D\u2019\u00daS L\u2019acc\u00e9s i \u00fas de la p\u00e0gina web www.bardeni.es (el &#8220;lloc web&#8221;) atorga la condici\u00f3 d&#8217;usuari al visitant del lloc web i implica l&#8217;acceptaci\u00f3 plena d&#8217;aquestes condicions d&#8217;\u00fas. PROPIETAT INTEL\u00b7LECTUAL I INDUSTRIAL El lloc web i els seus continguts, incloent-hi dissenys, textos, els gr\u00e0fics, logotips, icones, botons, aix\u00ed com el programari, noms comercials, marques, obres, il\u00b7lustracions, fotografies o dibuixos industrials i qualsevol altre signe susceptible d&#8217;utilitzaci\u00f3 industrial i comercial s\u00f3n titularitat de \u00a0CALDENI, SL, (BARDENI) c\/ Val\u00e8ncia 452, baixos, 08013 Barcelona, CIF: B63899462 i estan protegits per la legislaci\u00f3 nacional i internacional sobre propietat intel\u00b7lectual i industrial. En cap cas BARDENI no podr\u00e0 concedir cap llic\u00e8ncia ni fer ren\u00fancia, transmissi\u00f3, cessi\u00f3 total o parcial d&#8217;aquests drets ni conferir cap dret o expectativa de dret, i en particular, d&#8217;alteraci\u00f3, transformaci\u00f3, explotaci\u00f3, reproducci\u00f3, distribuci\u00f3 o comunicaci\u00f3 p\u00fablica sobre aquests continguts sense [&hellip;]","og_url":"https:\/\/www.bardeni.es\/ca\/termes-i-condicions\/","og_site_name":"Bardeni el Meatbar","article_modified_time":"2020-06-15T21:21:38+00:00","twitter_card":"summary_large_image","twitter_misc":{"Temps estimat de lectura":"3 minuts"},"schema":{"@context":"https:\/\/schema.org","@graph":[{"@type":"WebSite","@id":"https:\/\/www.bardeni.es\/ca\/#website","url":"https:\/\/www.bardeni.es\/ca\/","name":"Bardeni el Meatbar","description":"Bardeni","potentialAction":[{"@type":"SearchAction","target":{"@type":"EntryPoint","urlTemplate":"https:\/\/www.bardeni.es\/ca\/?s={search_term_string}"},"query-input":"required name=search_term_string"}],"inLanguage":"ca"},{"@type":"WebPage","@id":"https:\/\/www.bardeni.es\/ca\/termes-i-condicions\/#webpage","url":"https:\/\/www.bardeni.es\/ca\/termes-i-condicions\/","name":"Termes i condicions - Bardeni el Meatbar","isPartOf":{"@id":"https:\/\/www.bardeni.es\/ca\/#website"},"datePublished":"2020-06-12T16:13:45+00:00","dateModified":"2020-06-15T21:21:38+00:00","breadcrumb":{"@id":"https:\/\/www.bardeni.es\/ca\/termes-i-condicions\/#breadcrumb"},"inLanguage":"ca","potentialAction":[{"@type":"ReadAction","target":["https:\/\/www.bardeni.es\/ca\/termes-i-condicions\/"]}]},{"@type":"BreadcrumbList","@id":"https:\/\/www.bardeni.es\/ca\/termes-i-condicions\/#breadcrumb","itemListElement":[{"@type":"ListItem","position":1,"name":"Inici","item":"https:\/\/www.bardeni.es\/ca\/"},{"@type":"ListItem","position":2,"name":"Termes i condicions"}]}]}},"_links":{"self":[{"href":"https:\/\/www.bardeni.es\/ca\/wp-json\/wp\/v2\/pages\/13687"}],"collection":[{"href":"https:\/\/www.bardeni.es\/ca\/wp-json\/wp\/v2\/pages"}],"about":[{"href":"https:\/\/www.bardeni.es\/ca\/wp-json\/wp\/v2\/types\/page"}],"author":[{"embeddable":true,"href":"https:\/\/www.bardeni.es\/ca\/wp-json\/wp\/v2\/users\/1"}],"replies":[{"embeddable":true,"href":"https:\/\/www.bardeni.es\/ca\/wp-json\/wp\/v2\/comments?post=13687"}],"version-history":[{"count":2,"href":"https:\/\/www.bardeni.es\/ca\/wp-json\/wp\/v2\/pages\/13687\/revisions"}],"predecessor-version":[{"id":13840,"href":"https:\/\/www.bardeni.es\/ca\/wp-json\/wp\/v2\/pages\/13687\/revisions\/13840"}],"wp:attachment":[{"href":"https:\/\/www.bardeni.es\/ca\/wp-json\/wp\/v2\/media?parent=13687"}],"curies":[{"name":"wp","href":"https:\/\/api.w.org\/{rel}","templated":true}]}}